{"id":14558,"date":"2024-11-15T16:10:52","date_gmt":"2024-11-15T16:10:52","guid":{"rendered":"https:\/\/momentumquiro.com\/esdeveniments\/"},"modified":"2026-02-16T15:11:33","modified_gmt":"2026-02-16T15:11:33","slug":"esdeveniments","status":"publish","type":"page","link":"https:\/\/momentumquiro.com\/ca\/esdeveniments\/","title":{"rendered":"Esdeveniments"},"content":{"rendered":"\t\t<div data-elementor-type=\"wp-page\" data-elementor-id=\"14558\" class=\"elementor elementor-14558 elementor-11873\" data-elementor-post-type=\"page\">\n\t\t\t\t<div class=\"elementor-element elementor-element-7abf6029 e-flex e-con-boxed e-con e-parent\" data-id=\"7abf6029\" data-element_type=\"container\" data-e-type=\"container\">\n\t\t\t\t\t<div class=\"e-con-inner\">\n\t\t\t\t<div class=\"elementor-element elementor-element-7f67d19d elementor-widget-tablet__width-initial elementor-widget-mobile__width-initial elementor-widget elementor-widget-heading\" data-id=\"7f67d19d\" data-element_type=\"widget\" data-e-type=\"widget\" data-widget_type=\"heading.default\">\n\t\t\t\t<div class=\"elementor-widget-container\">\n\t\t\t\t\t<h1 class=\"elementor-heading-title elementor-size-default\">ESDEVENIMENTS MOMENTUM QUIROPR\u00c0CTIC<\/h1>\t\t\t\t<\/div>\n\t\t\t\t<\/div>\n\t\t\t\t<div class=\"elementor-element elementor-element-4cd39e7 elementor-widget elementor-widget-text-editor\" data-id=\"4cd39e7\" data-element_type=\"widget\" data-e-type=\"widget\" data-widget_type=\"text-editor.default\">\n\t\t\t\t<div class=\"elementor-widget-container\">\n\t\t\t\t\t\t\t\t\t<p style=\"text-align: left;\" data-start=\"770\" data-end=\"937\">A Momentum Quiropr\u00e0ctic, oferim una Masterclass mensual per a aquells que volen millorar el seu benestar i rendiment: <strong>\u00abMomentum Masterclass: Redefinint la teva Salut\u00bb\u2026<\/strong><\/p><ul><li style=\"text-align: left;\" data-start=\"939\" data-end=\"1365\">Aprendr\u00e0s com el teu<strong> sistema nervi\u00f3s influeix en la teva salut<\/strong>, la gesti\u00f3 de l\u2019estr\u00e8s i el teu rendiment diari.<\/li><li style=\"text-align: left;\" data-start=\"939\" data-end=\"1365\">Descobrir\u00e0s estrat\u00e8gies de <strong>biohacking aplicades a la nutrici\u00f3, l\u2019exercici i el descans<\/strong>, amb recomanacions clares i pr\u00e0ctiques que podr\u00e0s incorporar f\u00e0cilment a la teva rutina.<\/li><li style=\"text-align: left;\" data-start=\"939\" data-end=\"1365\">Rebr\u00e0s <strong>consells per potenciar al m\u00e0xim els beneficis de la cura quiropr\u00e0ctica<\/strong> i integrar-la de manera efectiva al teu estil de vida.<\/li><\/ul><p>\u00a0<\/p><p style=\"text-align: left;\" data-start=\"1367\" data-end=\"1466\">Una sessi\u00f3 pensada per optimitzar el teu benestar i ajudar-te a desenvolupar la teva millor versi\u00f3.<\/p>\t\t\t\t\t\t\t\t<\/div>\n\t\t\t\t<\/div>\n\t\t\t\t<div class=\"elementor-element elementor-element-68fe147 elementor-widget-tablet__width-initial elementor-widget-mobile__width-initial elementor-widget elementor-widget-heading\" data-id=\"68fe147\" data-element_type=\"widget\" data-e-type=\"widget\" data-widget_type=\"heading.default\">\n\t\t\t\t<div class=\"elementor-widget-container\">\n\t\t\t\t\t<h2 class=\"elementor-heading-title elementor-size-default\">Reserva la teva pla\u00e7a GRATIS i comen\u00e7a a prendre el control de la teva salut<\/h2>\t\t\t\t<\/div>\n\t\t\t\t<\/div>\n\t\t\t\t\t<\/div>\n\t\t\t\t<\/div>\n\t\t<div class=\"elementor-element elementor-element-ac256c7 e-flex e-con-boxed e-con e-parent\" data-id=\"ac256c7\" data-element_type=\"container\" data-e-type=\"container\">\n\t\t\t\t\t<div class=\"e-con-inner\">\n\t\t\t\t<div class=\"elementor-element elementor-element-5f89bdf elementor-widget-mobile__width-initial elementor-widget elementor-widget-html\" data-id=\"5f89bdf\" data-element_type=\"widget\" data-e-type=\"widget\" data-widget_type=\"html.default\">\n\t\t\t\t<div class=\"elementor-widget-container\">\n\t\t\t\t\t<iframe src=\"https:\/\/www.eventbrite.es\/e\/entradas-de-estres-a-exito-el-papel-del-sistema-nervioso-en-la-salud-optima-1020723530557?aff=oddtdtcreator\" width=\"100%\" height=\"800px\" scrolling=\"auto\" allowtransparency=\"true\" style=\"border-radius: 10px; overflow: hidden;\"><\/iframe>\n\t\t\t\t<\/div>\n\t\t\t\t<\/div>\n\t\t\t\t\t<\/div>\n\t\t\t\t<\/div>\n\t\t\t\t<\/div>\n\t\t","protected":false},"excerpt":{"rendered":"<p>A Momentum Quiropr\u00e0ctic, oferim un workshop mensual per a aquells que busquen millorar el seu benestar i rendiment.  <\/p>\n","protected":false},"author":3,"featured_media":13212,"parent":0,"menu_order":0,"comment_status":"closed","ping_status":"closed","template":"elementor_header_footer","meta":{"_seopress_robots_primary_cat":"","_seopress_titles_title":"","_seopress_titles_desc":"","_seopress_robots_index":"","om_disable_all_campaigns":false,"_monsterinsights_skip_tracking":false,"_monsterinsights_sitenote_active":false,"_monsterinsights_sitenote_note":"","_monsterinsights_sitenote_category":0,"_uf_show_specific_survey":0,"_uf_disable_surveys":false,"footnotes":""},"class_list":["post-14558","page","type-page","status-publish","has-post-thumbnail","hentry"],"_links":{"self":[{"href":"https:\/\/momentumquiro.com\/ca\/wp-json\/wp\/v2\/pages\/14558","targetHints":{"allow":["GET"]}}],"collection":[{"href":"https:\/\/momentumquiro.com\/ca\/wp-json\/wp\/v2\/pages"}],"about":[{"href":"https:\/\/momentumquiro.com\/ca\/wp-json\/wp\/v2\/types\/page"}],"author":[{"embeddable":true,"href":"https:\/\/momentumquiro.com\/ca\/wp-json\/wp\/v2\/users\/3"}],"replies":[{"embeddable":true,"href":"https:\/\/momentumquiro.com\/ca\/wp-json\/wp\/v2\/comments?post=14558"}],"version-history":[{"count":22,"href":"https:\/\/momentumquiro.com\/ca\/wp-json\/wp\/v2\/pages\/14558\/revisions"}],"predecessor-version":[{"id":23289,"href":"https:\/\/momentumquiro.com\/ca\/wp-json\/wp\/v2\/pages\/14558\/revisions\/23289"}],"wp:featuredmedia":[{"embeddable":true,"href":"https:\/\/momentumquiro.com\/ca\/wp-json\/wp\/v2\/media\/13212"}],"wp:attachment":[{"href":"https:\/\/momentumquiro.com\/ca\/wp-json\/wp\/v2\/media?parent=14558"}],"curies":[{"name":"wp","href":"https:\/\/api.w.org\/{rel}","templated":true}]}}