{"id":5695,"date":"2022-06-10T16:01:22","date_gmt":"2022-06-10T16:01:22","guid":{"rendered":"https:\/\/momentumquiro.com\/filosofia\/"},"modified":"2022-09-08T10:01:53","modified_gmt":"2022-09-08T10:01:53","slug":"filosofia","status":"publish","type":"page","link":"https:\/\/momentumquiro.com\/ca\/filosofia\/","title":{"rendered":"Filosofia"},"content":{"rendered":"<p>[av_section min_height=&#8221; min_height_pc=&#8217;25&#8217; min_height_px=&#8217;500px&#8217; padding=&#8217;huge&#8217; custom_margin=&#8217;0px&#8217; custom_margin_sync=&#8217;true&#8217; color=&#8217;main_color&#8217; background=&#8217;bg_color&#8217; custom_bg=&#8217;#82b0a5&#8242; background_gradient_color1=&#8221; background_gradient_color2=&#8221; background_gradient_direction=&#8217;vertical&#8217; src=&#8217;https:\/\/momentumquiro.com\/wp-content\/uploads\/2020\/09\/61153018_306522170293408_5499134709705211904_o.jpg&#8217; attachment=&#8217;1319&#8242; attachment_size=&#8217;full&#8217; attach=&#8217;scroll&#8217; position=&#8217;center center&#8217; repeat=&#8217;stretch&#8217; video=&#8221; video_ratio=&#8217;16:9&#8242; overlay_enable=&#8217;aviaTBoverlay_enable&#8217; overlay_opacity=&#8217;0.6&#8242; overlay_color=&#8217;#82b0a5&#8242; overlay_pattern=&#8221; overlay_custom_pattern=&#8221; shadow=&#8217;no-border-styling&#8217; bottom_border=&#8217;no-border-styling&#8217; bottom_border_diagonal_color=&#8217;#333333&#8242; bottom_border_diagonal_direction=&#8221; bottom_border_style=&#8221; custom_arrow_bg=&#8221; id=&#8221; custom_class=&#8221; aria_label=&#8221; av_element_hidden_in_editor=&#8217;0&#8242; av_uid=&#8217;av-kes89iuj&#8217;]<br \/>\n[av_heading heading=&#8217;FILOSOFIA MOMENTUM QUIROPR\u00c0CTIC&#8217; tag=&#8217;h1&#8242; style=&#8217;blockquote modern-quote modern-centered&#8217; subheading_active=&#8221; size=&#8221; av-medium-font-size-title=&#8221; av-small-font-size-title=&#8221; av-mini-font-size-title=&#8221; subheading_size=&#8221; av-medium-font-size=&#8221; av-small-font-size=&#8221; av-mini-font-size=&#8221; color=&#8217;custom-color-heading&#8217; custom_font=&#8217;#ffffff&#8217; margin=&#8221; margin_sync=&#8217;true&#8217; padding=&#8217;20&#8217; link=&#8221; link_target=&#8221; id=&#8221; custom_class=&#8221; av_uid=&#8217;av-l2rpqzat&#8217; admin_preview_bg=&#8221;][\/av_heading]<\/p>\n<p>[av_textblock size=&#8221; av-medium-font-size=&#8221; av-small-font-size=&#8221; av-mini-font-size=&#8221; font_color=&#8217;custom&#8217; color=&#8217;#ffffff&#8217; id=&#8221; custom_class=&#8221; av_uid=&#8217;av-kf6p1d28&#8242; admin_preview_bg=&#8221;]<\/p>\n<p style=\"text-align: center;\"><strong>&#8220;CONSERVAR LA SALUT \u00c9S M\u00c9S F\u00c0CIL QUE CURAR LA MALALTIA<\/strong><strong>&#8221; <\/strong><br \/>\nB.J. PALMER, desenvolupador de la Quiropr\u00e0ctica<\/p>\n<p>[\/av_textblock]<br \/>\n[\/av_section]<\/p>\n<p>[av_section min_height=&#8221; min_height_pc=&#8217;25&#8217; min_height_px=&#8217;500px&#8217; padding=&#8217;large&#8217; custom_margin=&#8217;0px&#8217; custom_margin_sync=&#8217;true&#8217; color=&#8217;main_color&#8217; background=&#8217;bg_color&#8217; custom_bg=&#8221; background_gradient_color1=&#8221; background_gradient_color2=&#8221; background_gradient_direction=&#8217;vertical&#8217; src=&#8221; attachment=&#8221; attachment_size=&#8221; attach=&#8217;scroll&#8217; position=&#8217;center left&#8217; repeat=&#8217;no-repeat&#8217; video=&#8221; video_ratio=&#8217;16:9&#8242; overlay_opacity=&#8217;0.5&#8242; overlay_color=&#8221; overlay_pattern=&#8221; overlay_custom_pattern=&#8221; shadow=&#8217;no-border-styling&#8217; bottom_border=&#8217;no-border-styling&#8217; bottom_border_diagonal_color=&#8217;#333333&#8242; bottom_border_diagonal_direction=&#8221; bottom_border_style=&#8221; custom_arrow_bg=&#8221; id=&#8221; custom_class=&#8221; aria_label=&#8221; av_element_hidden_in_editor=&#8217;0&#8242; av_uid=&#8217;av-90g7ru&#8217;]<br \/>\n[av_one_full first min_height=&#8221; vertical_alignment=&#8221; space=&#8221; row_boxshadow=&#8221; row_boxshadow_color=&#8221; row_boxshadow_width=&#8217;10&#8217; custom_margin=&#8221; margin=&#8217;0px&#8217; mobile_breaking=&#8221; border=&#8221; border_color=&#8221; radius=&#8217;0px&#8217; padding=&#8217;0px&#8217; column_boxshadow=&#8221; column_boxshadow_color=&#8221; column_boxshadow_width=&#8217;10&#8217; background=&#8217;bg_color&#8217; background_color=&#8221; background_gradient_color1=&#8221; background_gradient_color2=&#8221; background_gradient_direction=&#8217;vertical&#8217; src=&#8221; background_position=&#8217;top left&#8217; background_repeat=&#8217;no-repeat&#8217; highlight=&#8221; highlight_size=&#8221; animation=&#8221; link=&#8221; linktarget=&#8221; link_hover=&#8221; title_attr=&#8221; alt_attr=&#8221; mobile_display=&#8221; id=&#8221; custom_class=&#8221; aria_label=&#8221; av_uid=&#8217;av-1ejd16&#8242;]<\/p>\n<p>[av_textblock size=&#8217;18&#8217; av-medium-font-size=&#8221; av-small-font-size=&#8221; av-mini-font-size=&#8221; font_color=&#8217;custom&#8217; color=&#8217;#000000&#8242; id=&#8221; custom_class=&#8221; av_uid=&#8217;av-kes7ye0y&#8217; admin_preview_bg=&#8221;]<\/p>\n<p style=\"text-align: center;\"><i><span style=\"font-weight: 400;\">Momentum<\/span><\/i><span style=\"font-weight: 400;\"> en llat\u00ed significa \u201cmoviment\u201d i de fet el\u00a0 <strong>moviment \u00e9s vida.<\/strong> No obstant, el concepte de <\/span><i><span style=\"font-weight: 400;\">Momentum<\/span><\/i><span style=\"font-weight: 400;\"> va m\u00e9s enll\u00e0.<\/span><\/p>\n<div class=\"traductor-textarea form-group\">\n<div class=\"textarea-desti col-xs-12 col-sm-6\">\n<div class=\"form-control second-textarea\" style=\"text-align: center;\">Per a nosaltres,\u00a0<em>Momentum<\/em>\u00a0representa la in\u00e8rcia transmesa <strong>pel moviment d&#8217;un ajust quiropr\u00e0cti<\/strong>c, integrada pel cos com una for\u00e7a constructiva, la qual permet a l&#8217;organisme magnificar el <strong>proc\u00e9s de sanaci\u00f3 i optimitzar el rendiment f\u00edsic i mental<\/strong> d&#8217;un mateix; i aix\u00ed descobrir la millor versi\u00f3 innata de ser.<\/div>\n<div><\/div>\n<div>\n<div class=\"traductor-textarea form-group\">\n<div class=\"textarea-desti col-xs-12 col-sm-6\">\n<div class=\"form-control second-textarea\" style=\"text-align: center;\">Momentum\u00a0va ser creat com una <strong>comunitat<\/strong> que comparteix un <strong>estil de vida<\/strong> <strong>saludable, natural i ambici\u00f3s en la qualitat de vida.<\/strong><\/div>\n<\/div>\n<\/div>\n<\/div>\n<\/div>\n<\/div>\n<p style=\"text-align: center;\"><strong>El teu Momentum \u00e9s el nostre Momentum<\/strong><\/p>\n<p>[\/av_textblock]<\/p>\n<p>[\/av_one_full]<br \/>\n[\/av_section]<\/p>\n<p>[av_section min_height=&#8217;50&#8217; min_height_pc=&#8217;25&#8217; min_height_px=&#8217;500px&#8217; padding=&#8217;default&#8217; custom_margin=&#8217;0px&#8217; custom_margin_sync=&#8217;true&#8217; color=&#8217;main_color&#8217; background=&#8217;bg_color&#8217; custom_bg=&#8221; background_gradient_color1=&#8221; background_gradient_color2=&#8221; background_gradient_direction=&#8217;vertical&#8217; src=&#8217;https:\/\/momentumquiro.com\/wp-content\/uploads\/2020\/11\/pexels-pixabay-416676-1-1500&#215;750.jpg&#8217; attachment=&#8217;1478&#8242; attachment_size=&#8217;extra_large&#8217; attach=&#8217;fixed&#8217; position=&#8217;center left&#8217; repeat=&#8217;stretch&#8217; video=&#8221; video_ratio=&#8217;16:9&#8242; overlay_enable=&#8217;aviaTBoverlay_enable&#8217; overlay_opacity=&#8217;0.6&#8242; overlay_color=&#8217;#5e9b9b&#8217; overlay_pattern=&#8221; overlay_custom_pattern=&#8221; shadow=&#8217;no-border-styling&#8217; bottom_border=&#8217;no-border-styling&#8217; bottom_border_diagonal_color=&#8217;#333333&#8242; bottom_border_diagonal_direction=&#8221; bottom_border_style=&#8221; custom_arrow_bg=&#8221; id=&#8221; custom_class=&#8221; aria_label=&#8221; av_element_hidden_in_editor=&#8217;0&#8242; av_uid=&#8217;av-k7nqy&#8217;]<br \/>\n[av_one_third first min_height=&#8221; vertical_alignment=&#8217;av-align-top&#8217; space=&#8221; row_boxshadow_color=&#8221; row_boxshadow_width=&#8217;10&#8217; margin=&#8217;0px&#8217; margin_sync=&#8217;true&#8217; mobile_breaking=&#8221; border=&#8221; border_color=&#8221; radius=&#8217;50px&#8217; radius_sync=&#8217;true&#8217; padding=&#8217;0px&#8217; padding_sync=&#8217;true&#8217; column_boxshadow_color=&#8221; column_boxshadow_width=&#8217;10&#8217; background=&#8217;bg_color&#8217; background_color=&#8221; background_gradient_color1=&#8221; background_gradient_color2=&#8221; background_gradient_direction=&#8217;vertical&#8217; src=&#8221; attachment=&#8221; attachment_size=&#8221; background_position=&#8217;top left&#8217; background_repeat=&#8217;no-repeat&#8217; highlight_size=&#8217;1.1&#8242; animation=&#8221; link=&#8221; linktarget=&#8221; link_hover=&#8221; title_attr=&#8221; alt_attr=&#8221; mobile_display=&#8221; id=&#8221; custom_class=&#8221; aria_label=&#8221; av_uid=&#8217;av-1cete&#8217;]<\/p>\n<p>[\/av_one_third][av_two_third min_height=&#8221; vertical_alignment=&#8221; space=&#8221; row_boxshadow=&#8221; row_boxshadow_color=&#8221; row_boxshadow_width=&#8217;10&#8217; custom_margin=&#8221; margin=&#8217;0px&#8217; mobile_breaking=&#8221; border=&#8221; border_color=&#8221; radius=&#8217;0px&#8217; padding=&#8217;0px&#8217; column_boxshadow=&#8221; column_boxshadow_color=&#8221; column_boxshadow_width=&#8217;10&#8217; background=&#8217;bg_color&#8217; background_color=&#8221; background_gradient_color1=&#8221; background_gradient_color2=&#8221; background_gradient_direction=&#8217;vertical&#8217; src=&#8221; background_position=&#8217;top left&#8217; background_repeat=&#8217;no-repeat&#8217; highlight=&#8221; highlight_size=&#8221; animation=&#8221; link=&#8221; linktarget=&#8221; link_hover=&#8221; title_attr=&#8221; alt_attr=&#8221; mobile_display=&#8221; id=&#8221; custom_class=&#8221; aria_label=&#8221; av_uid=&#8217;av-auqw2&#8242;]<\/p>\n<p>[av_textblock size=&#8221; av-medium-font-size=&#8221; av-small-font-size=&#8221; av-mini-font-size=&#8221; font_color=&#8217;custom&#8217; color=&#8217;#ffffff&#8217; id=&#8221; custom_class=&#8221; av_uid=&#8217;av-khem8in4&#8242; admin_preview_bg=&#8221;]<\/p>\n<p style=\"text-align: center;\"><strong>Aprendre a llegir l&#8217;ona<\/strong><\/p>\n<div class=\"traductor-checkbox form-group\">\n<div class=\"row\">\n<div class=\"col-sm-offset-2 col-sm-5\"><\/div>\n<\/div>\n<\/div>\n<p>[\/av_textblock]<\/p>\n<p>[av_textblock size=&#8221; av-medium-font-size=&#8221; av-small-font-size=&#8221; av-mini-font-size=&#8221; font_color=&#8217;custom&#8217; color=&#8217;#ffffff&#8217; id=&#8221; custom_class=&#8221; av_uid=&#8217;av-khem8in4&#8242; admin_preview_bg=&#8221;]<\/p>\n<blockquote>\n<div class=\"traductor-textarea form-group\">\n<div class=\"textarea-desti col-xs-12 col-sm-6\">\n<div class=\"form-control second-textarea\">Momentum tamb\u00e9 \u00e9s un documental de Surf\u2026 I com <em>surfers<\/em>, tamb\u00e9 va ser part de la nostra inspiraci\u00f3.<\/div>\n<div class=\"form-control second-textarea\">Cada ona \u00e9s \u00fanica i amb la seva pr\u00f2pia vibraci\u00f3 per naturalesa, nosaltres aprenem a ballar amb ella surfejant i fent el millor que est\u00e0 en nosaltres per a descobrir el gran potencial de cada onada.<\/div>\n<div><\/div>\n<div class=\"form-control second-textarea\">Aix\u00ed ho vivim amb cadascun dels nostres pacients en el seu proc\u00e9s de sanaci\u00f3. Cada cos \u00e9s \u00fanic i nosaltres descobrim el seu propi Momentum per a l&#8217;ajust quiropr\u00e0ctic;\u00a0 cada dia avan\u00e7ant un pas m\u00e9s en el cam\u00ed cap a la salut \u00f2ptima amb la qual vam n\u00e9ixer.<\/div>\n<\/div>\n<\/div>\n<\/blockquote>\n<p>[\/av_textblock]<\/p>\n<p>[\/av_two_third]<br \/>\n[\/av_section]<\/p>\n<p>[av_layout_row border=&#8221; min_height=&#8217;0&#8242; color=&#8217;main_color&#8217; mobile=&#8217;av-flex-cells&#8217; id=&#8221; av_uid=&#8217;av-6pru2y&#8217;]<br \/>\n[av_cell_three_fifth vertical_align=&#8217;middle&#8217; padding=&#8217;70px&#8217; padding_sync=&#8217;true&#8217; background=&#8217;bg_color&#8217; background_color=&#8221; background_gradient_color1=&#8221; background_gradient_color2=&#8221; background_gradient_direction=&#8217;vertical&#8217; src=&#8221; attachment=&#8221; attachment_size=&#8221; background_attachment=&#8217;scroll&#8217; background_position=&#8217;top left&#8217; background_repeat=&#8217;no-repeat&#8217; link=&#8221; linktarget=&#8221; link_hover=&#8221; mobile_display=&#8221; custom_class=&#8221; av_uid=&#8217;av-6kf64i&#8217;]<\/p>\n<p>[av_heading heading=&#8217;Ajudar i cuidar, un valor universal de la quiropr\u00e0ctica i Momentum Quiropr\u00e0ctic&#8217; tag=&#8217;h2&#8242; style=&#8217;blockquote modern-quote modern-centered&#8217; subheading_active=&#8221; size=&#8221; av-medium-font-size-title=&#8221; av-small-font-size-title=&#8221; av-mini-font-size-title=&#8221; subheading_size=&#8217;15&#8217; av-medium-font-size=&#8221; av-small-font-size=&#8221; av-mini-font-size=&#8221; color=&#8217;custom-color-heading&#8217; custom_font=&#8217;#000000&#8242; margin=&#8221; margin_sync=&#8217;true&#8217; padding=&#8217;10&#8217; link=&#8221; link_target=&#8221; id=&#8221; custom_class=&#8221; av_uid=&#8217;av-l30lg1gc&#8217; admin_preview_bg=&#8221;][\/av_heading]<\/p>\n<p>[av_textblock size=&#8217;18&#8217; av-medium-font-size=&#8221; av-small-font-size=&#8221; av-mini-font-size=&#8221; font_color=&#8221; color=&#8221; id=&#8221; custom_class=&#8221; av_uid=&#8217;av-67eize&#8217; admin_preview_bg=&#8221;]<br \/>\nLa quiropr\u00e0ctica va comen\u00e7ar sent la nostra professi\u00f3 i s&#8217;ha convertit en la nostra missi\u00f3. Volem formar part d&#8217;un moviment de salut sostenible.<\/p>\n<p>La nostra visi\u00f3 \u00e9s viure en un m\u00f3n m\u00e9s saludable, sostenible i feli\u00e7. I per aix\u00f2, ens agrada involucrar-nos en missions per a ajudar tamb\u00e9 en el tercer m\u00f3n. Hem viatjat a Hait\u00ed, Rep\u00fablica Dominicana i a la\u00a0\u00cdndia\u00a0ajustant a milers de persones i veient miracles de sanaci\u00f3 a les nostres mans. Ens omple el cor poder ajustar a cada persona que es creui en el nostre cam\u00ed.<\/p>\n<p>Aqu\u00ed, a Barcelona, estem compromesos a cuidar i empoderar al poble catal\u00e0 i a tots els que gaudeixen de la vida a la ciutat comtal.<br \/>\n[\/av_textblock]<\/p>\n<p>[\/av_cell_three_fifth][av_cell_two_fifth vertical_align=&#8217;middle&#8217; padding=&#8217;80px&#8217; padding_sync=&#8217;true&#8217; background=&#8217;bg_color&#8217; background_color=&#8217;#d0ede6&#8242; background_gradient_color1=&#8221; background_gradient_color2=&#8221; background_gradient_direction=&#8217;vertical&#8217; src=&#8221; attachment=&#8221; attachment_size=&#8221; background_attachment=&#8217;scroll&#8217; background_position=&#8217;top left&#8217; background_repeat=&#8217;no-repeat&#8217; link=&#8221; linktarget=&#8221; link_hover=&#8221; mobile_display=&#8221; custom_class=&#8221; av_uid=&#8217;av-5za7u2&#8242;]<\/p>\n<p>[av_slideshow size=&#8217;gallery&#8217; control_layout=&#8217;av-control-default&#8217; conditional_play=&#8221; animation=&#8217;slide&#8217; autoplay=&#8217;true&#8217; interval=&#8217;3&#8242; alb_description=&#8221; id=&#8221; custom_class=&#8221; av_uid=&#8217;av-kesbe9lm&#8217;]<br \/>\n[av_slide slide_type=&#8217;image&#8217; id=&#8217;691&#8242; video=&#8217;https:\/\/&#8217; mobile_image=&#8221; fallback_link=&#8217;https:\/\/&#8217; title=&#8221; video_ratio=&#8217;16:9&#8242; av-medium-font-size-title=&#8221; av-small-font-size-title=&#8221; av-mini-font-size-title=&#8221; av-medium-font-size=&#8221; av-small-font-size=&#8221; av-mini-font-size=&#8221; heading_tag=&#8221; heading_class=&#8221; link_apply=&#8221; link=&#8217;lightbox&#8217; link_target=&#8221; av_uid=&#8217;av-sp67e&#8217;][\/av_slide]<br \/>\n[av_slide id=&#8217;959&#8242; av_uid=&#8217;av-jnvk2&#8242; slide_type=&#8221; video=&#8217;https:\/\/&#8217; mobile_image=&#8221; fallback_link=&#8217;https:\/\/&#8217; title=&#8221; video_ratio=&#8217;16:9&#8242; video_autoplay=&#8221; video_controls=&#8221; video_mute=&#8221; video_loop=&#8221; av-medium-font-size-title=&#8221; av-small-font-size-title=&#8221; av-mini-font-size-title=&#8221; av-medium-font-size=&#8221; av-small-font-size=&#8221; av-mini-font-size=&#8221; heading_tag=&#8221; heading_class=&#8221; link_apply=&#8221; link=&#8221; link_target=&#8221;][\/av_slide]<br \/>\n[av_slide id=&#8217;957&#8242; av_uid=&#8217;av-hsq4a&#8217; slide_type=&#8221; video=&#8217;https:\/\/&#8217; mobile_image=&#8221; fallback_link=&#8217;https:\/\/&#8217; title=&#8221; video_ratio=&#8217;16:9&#8242; video_autoplay=&#8221; video_controls=&#8221; video_mute=&#8221; video_loop=&#8221; av-medium-font-size-title=&#8221; av-small-font-size-title=&#8221; av-mini-font-size-title=&#8221; av-medium-font-size=&#8221; av-small-font-size=&#8221; av-mini-font-size=&#8221; heading_tag=&#8221; heading_class=&#8221; link_apply=&#8221; link=&#8221; link_target=&#8221;][\/av_slide]<br \/>\n[av_slide slide_type=&#8217;image&#8217; id=&#8217;2629&#8242; video=&#8217;https:\/\/&#8217; mobile_image=&#8221; fallback_link=&#8217;https:\/\/&#8217; title=&#8221; video_ratio=&#8217;16:9&#8242; av-medium-font-size-title=&#8221; av-small-font-size-title=&#8221; av-mini-font-size-title=&#8221; av-medium-font-size=&#8221; av-small-font-size=&#8221; av-mini-font-size=&#8221; heading_tag=&#8221; heading_class=&#8221; link_apply=&#8221; link=&#8217;lightbox&#8217; link_target=&#8221; av_uid=&#8217;av-n1way&#8217;][\/av_slide]<br \/>\n[av_slide slide_type=&#8217;image&#8217; id=&#8217;2627&#8242; video=&#8217;https:\/\/&#8217; mobile_image=&#8221; fallback_link=&#8217;https:\/\/&#8217; title=&#8221; video_ratio=&#8217;16:9&#8242; av-medium-font-size-title=&#8221; av-small-font-size-title=&#8221; av-mini-font-size-title=&#8221; av-medium-font-size=&#8221; av-small-font-size=&#8221; av-mini-font-size=&#8221; heading_tag=&#8221; heading_class=&#8221; link_apply=&#8221; link=&#8217;lightbox&#8217; link_target=&#8221; av_uid=&#8217;av-fqrb6&#8242;][\/av_slide]<br \/>\n[av_slide slide_type=&#8217;image&#8217; id=&#8217;2631&#8242; video=&#8217;https:\/\/&#8217; mobile_image=&#8221; fallback_link=&#8217;https:\/\/&#8217; title=&#8221; video_ratio=&#8217;16:9&#8242; av-medium-font-size-title=&#8221; av-small-font-size-title=&#8221; av-mini-font-size-title=&#8221; av-medium-font-size=&#8221; av-small-font-size=&#8221; av-mini-font-size=&#8221; heading_tag=&#8221; heading_class=&#8221; link_apply=&#8221; link=&#8217;lightbox&#8217; link_target=&#8221; av_uid=&#8217;av-93382&#8242;][\/av_slide]<br \/>\n[\/av_slideshow]<\/p>\n<p>[\/av_cell_two_fifth]<br \/>\n[\/av_layout_row]<\/p>\n","protected":false},"excerpt":{"rendered":"<p>En Momentum Quiropr\u00e0ctic practiquem la quiropr\u00e0ctica amb una filosofia vital de creixement interior i de benestar per a empoderar-te<\/p>\n","protected":false},"author":2,"featured_media":0,"parent":0,"menu_order":0,"comment_status":"open","ping_status":"open","template":"","meta":{"_seopress_robots_primary_cat":"","_seopress_titles_title":"Filosofia - Momentum Quiropr\u00e0ctic a Barcelona","_seopress_titles_desc":"En Momentum Quiropr\u00e0ctic practiquem la quiropr\u00e0ctica amb una filosofia vital de creixement interior i de benestar per a empoderar-te","_seopress_robots_index":"","om_disable_all_campaigns":false,"_monsterinsights_skip_tracking":false,"_monsterinsights_sitenote_active":false,"_monsterinsights_sitenote_note":"","_monsterinsights_sitenote_category":0,"_uf_show_specific_survey":0,"_uf_disable_surveys":false,"footnotes":""},"class_list":["post-5695","page","type-page","status-publish","hentry"],"_links":{"self":[{"href":"https:\/\/momentumquiro.com\/ca\/wp-json\/wp\/v2\/pages\/5695","targetHints":{"allow":["GET"]}}],"collection":[{"href":"https:\/\/momentumquiro.com\/ca\/wp-json\/wp\/v2\/pages"}],"about":[{"href":"https:\/\/momentumquiro.com\/ca\/wp-json\/wp\/v2\/types\/page"}],"author":[{"embeddable":true,"href":"https:\/\/momentumquiro.com\/ca\/wp-json\/wp\/v2\/users\/2"}],"replies":[{"embeddable":true,"href":"https:\/\/momentumquiro.com\/ca\/wp-json\/wp\/v2\/comments?post=5695"}],"version-history":[{"count":0,"href":"https:\/\/momentumquiro.com\/ca\/wp-json\/wp\/v2\/pages\/5695\/revisions"}],"wp:attachment":[{"href":"https:\/\/momentumquiro.com\/ca\/wp-json\/wp\/v2\/media?parent=5695"}],"curies":[{"name":"wp","href":"https:\/\/api.w.org\/{rel}","templated":true}]}}