{"id":5746,"date":"2022-06-10T16:31:46","date_gmt":"2022-06-10T16:31:46","guid":{"rendered":"https:\/\/momentumquiro.com\/momentum\/"},"modified":"2026-01-09T15:01:53","modified_gmt":"2026-01-09T15:01:53","slug":"momentum","status":"publish","type":"page","link":"https:\/\/momentumquiro.com\/ca\/momentum\/","title":{"rendered":"Sobre Nosaltres"},"content":{"rendered":"\t\t<div data-elementor-type=\"wp-page\" data-elementor-id=\"5746\" class=\"elementor elementor-5746 elementor-154\" data-elementor-post-type=\"page\">\n\t\t\t\t<div class=\"elementor-element elementor-element-4a0aa8a2 e-flex e-con-boxed e-con e-parent\" data-id=\"4a0aa8a2\" data-element_type=\"container\" data-e-type=\"container\" data-settings=\"{&quot;background_background&quot;:&quot;classic&quot;}\">\n\t\t\t\t\t<div class=\"e-con-inner\">\n\t\t<div class=\"elementor-element elementor-element-a1aedd1 e-con-full e-flex e-con e-child\" data-id=\"a1aedd1\" data-element_type=\"container\" data-e-type=\"container\">\n\t\t\t\t<div class=\"elementor-element elementor-element-6b20f239 elementor-widget__width-initial elementor-widget elementor-widget-heading\" data-id=\"6b20f239\" data-element_type=\"widget\" data-e-type=\"widget\" data-widget_type=\"heading.default\">\n\t\t\t\t<div class=\"elementor-widget-container\">\n\t\t\t\t\t<h1 class=\"elementor-heading-title elementor-size-default\">Centre premium de quiropr\u00e0ctica i benestar a barcelona<br><\/h1>\t\t\t\t<\/div>\n\t\t\t\t<\/div>\n\t\t\t\t<div class=\"elementor-element elementor-element-381d6c4d elementor-widget__width-initial elementor-widget elementor-widget-text-editor\" data-id=\"381d6c4d\" data-element_type=\"widget\" data-e-type=\"widget\" data-widget_type=\"text-editor.default\">\n\t\t\t\t<div class=\"elementor-widget-container\">\n\t\t\t\t\t\t\t\t\t<p>La nostra missi\u00f3 \u00e9s alliberar el <strong>m\u00e0xim potencial<\/strong> d&#8217;individus d&#8217;alt rendiment <strong>\u2013CEO, atletes i emprenedors\u2013<\/strong> oferint <strong>atenci\u00f3 quiropr\u00e0ctica de primer nivell<\/strong> basada en <strong>l&#8217;excel\u00b7l\u00e8ncia, la innovaci\u00f3 i la integritat.<\/strong> <\/p><p>A trav\u00e9s d&#8217;un<strong> enfocament avantguardista, educaci\u00f3 cont\u00ednua i ajustos personalitzats<\/strong>, empoderem als nostres pacients per a <strong>aconseguir una salut \u00f2ptima<\/strong> i viure en la seva m\u00e0xima expressi\u00f3.<\/p><p>Estem compromesos a proporcionar <strong>una experi\u00e8ncia exclusiva<\/strong> i de primer nivell que fomenti el <strong>benestar a llarg termini<\/strong> i inspiri les generacions futures.<\/p>\t\t\t\t\t\t\t\t<\/div>\n\t\t\t\t<\/div>\n\t\t\t\t<div class=\"elementor-element elementor-element-8172910 elementor-align-center elementor-mobile-align-center elementor-button-success elementor-widget__width-initial elementor-widget elementor-widget-button\" data-id=\"8172910\" data-element_type=\"widget\" data-e-type=\"widget\" data-widget_type=\"button.default\">\n\t\t\t\t<div class=\"elementor-widget-container\">\n\t\t\t\t\t\t\t\t\t<div class=\"elementor-button-wrapper\">\n\t\t\t\t\t<a class=\"elementor-button elementor-button-link elementor-size-sm\" href=\"https:\/\/momentumquiro.com\/ca\/equip\/\">\n\t\t\t\t\t\t<span class=\"elementor-button-content-wrapper\">\n\t\t\t\t\t\t\t\t\t<span class=\"elementor-button-text\">Coneix l'equip<\/span>\n\t\t\t\t\t<\/span>\n\t\t\t\t\t<\/a>\n\t\t\t\t<\/div>\n\t\t\t\t\t\t\t\t<\/div>\n\t\t\t\t<\/div>\n\t\t\t\t<\/div>\n\t\t\t\t\t<\/div>\n\t\t\t\t<\/div>\n\t\t<div class=\"elementor-element elementor-element-580305d3 e-flex e-con-boxed e-con e-parent\" data-id=\"580305d3\" data-element_type=\"container\" data-e-type=\"container\">\n\t\t\t\t\t<div class=\"e-con-inner\">\n\t\t<div class=\"elementor-element elementor-element-8a4f559 e-con-full e-flex e-con e-child\" data-id=\"8a4f559\" data-element_type=\"container\" data-e-type=\"container\">\n\t\t\t\t<div class=\"elementor-element elementor-element-6c500e93 elementor-widget elementor-widget-video\" data-id=\"6c500e93\" data-element_type=\"widget\" data-e-type=\"widget\" data-settings=\"{&quot;youtube_url&quot;:&quot;https:\\\/\\\/www.youtube.com\\\/watch?v=gyUPQtGzuYs&amp;t=117s&quot;,&quot;show_image_overlay&quot;:&quot;yes&quot;,&quot;image_overlay&quot;:{&quot;url&quot;:&quot;https:\\\/\\\/momentumquiro.com\\\/wp-content\\\/uploads\\\/2024\\\/10\\\/Momentum-Video-Corporativo-Quiropractica-Thumbnail.png&quot;,&quot;id&quot;:10467,&quot;size&quot;:&quot;&quot;,&quot;alt&quot;:&quot;&quot;,&quot;source&quot;:&quot;library&quot;},&quot;start&quot;:71,&quot;video_type&quot;:&quot;youtube&quot;,&quot;controls&quot;:&quot;yes&quot;}\" data-widget_type=\"video.default\">\n\t\t\t\t<div class=\"elementor-widget-container\">\n\t\t\t\t\t\t\t<div class=\"elementor-wrapper elementor-open-inline\">\n\t\t\t<div class=\"elementor-video\"><\/div>\t\t\t\t<div class=\"elementor-custom-embed-image-overlay\" style=\"background-image: url(https:\/\/momentumquiro.com\/wp-content\/uploads\/2024\/10\/Momentum-Video-Corporativo-Quiropractica-Thumbnail.png);\">\n\t\t\t\t\t\t\t\t\t\t\t\t\t\t\t\t<div class=\"elementor-custom-embed-play\" role=\"button\" aria-label=\"Reprodueix v\u00eddeo\" tabindex=\"0\">\n\t\t\t\t\t\t\t<svg aria-hidden=\"true\" class=\"e-font-icon-svg e-eicon-play\" viewBox=\"0 0 1000 1000\" xmlns=\"http:\/\/www.w3.org\/2000\/svg\"><path d=\"M838 162C746 71 633 25 500 25 371 25 258 71 163 162 71 254 25 367 25 500 25 633 71 746 163 837 254 929 367 979 500 979 633 979 746 933 838 837 929 746 975 633 975 500 975 367 929 254 838 162M808 192C892 279 933 379 933 500 933 621 892 725 808 808 725 892 621 938 500 938 379 938 279 896 196 808 113 725 67 621 67 500 67 379 108 279 196 192 279 108 383 62 500 62 621 62 721 108 808 192M438 392V642L642 517 438 392Z\"><\/path><\/svg>\t\t\t\t\t\t<\/div>\n\t\t\t\t\t\t\t\t\t<\/div>\n\t\t\t\t\t<\/div>\n\t\t\t\t\t\t<\/div>\n\t\t\t\t<\/div>\n\t\t\t\t<\/div>\n\t\t\t\t\t<\/div>\n\t\t\t\t<\/div>\n\t\t<div class=\"elementor-element elementor-element-590d7f4e e-flex e-con-boxed e-con e-parent\" data-id=\"590d7f4e\" data-element_type=\"container\" data-e-type=\"container\" data-settings=\"{&quot;background_background&quot;:&quot;classic&quot;}\">\n\t\t\t\t\t<div class=\"e-con-inner\">\n\t\t\t\t<div class=\"elementor-element elementor-element-711aba63 elementor-widget-mobile__width-initial elementor-widget elementor-widget-heading\" data-id=\"711aba63\" data-element_type=\"widget\" data-e-type=\"widget\" data-widget_type=\"heading.default\">\n\t\t\t\t<div class=\"elementor-widget-container\">\n\t\t\t\t\t<h2 class=\"elementor-heading-title elementor-size-default\">EL TEU MOMENTUM \u00c9S EL NOSTRE MOMENTUM<\/h2>\t\t\t\t<\/div>\n\t\t\t\t<\/div>\n\t\t\t\t<div class=\"elementor-element elementor-element-784ec4b elementor-widget elementor-widget-spacer\" data-id=\"784ec4b\" data-element_type=\"widget\" data-e-type=\"widget\" data-widget_type=\"spacer.default\">\n\t\t\t\t<div class=\"elementor-widget-container\">\n\t\t\t\t\t\t\t<div class=\"elementor-spacer\">\n\t\t\t<div class=\"elementor-spacer-inner\"><\/div>\n\t\t<\/div>\n\t\t\t\t\t\t<\/div>\n\t\t\t\t<\/div>\n\t\t\t\t<div class=\"elementor-element elementor-element-53dbe0d1 elementor-widget__width-auto elementor-widget-tablet__width-initial elementor-widget-mobile__width-initial elementor-widget elementor-widget-text-editor\" data-id=\"53dbe0d1\" data-element_type=\"widget\" data-e-type=\"widget\" data-widget_type=\"text-editor.default\">\n\t\t\t\t<div class=\"elementor-widget-container\">\n\t\t\t\t\t\t\t\t\t<p><i>Momentum<\/i> en llat\u00ed significa \u201cmoviment\u201d i el <strong>moviment \u00e9s vida.<\/strong> Tot i aix\u00f2, el concepte de <i>Momentum<\/i> va m\u00e9s enll\u00e0.<\/p><p>Per a nosaltres, <i>Momentum<\/i> representa la in\u00e8rcia transmesa <strong>pel moviment d&#8217;un ajustament quiropr\u00e0ctic<\/strong> , integrada pel cos com una for\u00e7a constructiva, la qual permet a l&#8217;organisme magnificar el proc\u00e9s de sanaci\u00f3 i <strong>optimitzar-ne el rendiment f\u00edsic i mental<\/strong> ; i aix\u00ed descobrir la millor versi\u00f3 innata de ser.  <\/p><p>Momentum va ser creat com una <strong>comunitat<\/strong> que comparteix un <strong>estil de vida saludable, natural i ambici\u00f3s a la qualitat de vida.<\/strong><\/p><p> <\/p>\t\t\t\t\t\t\t\t<\/div>\n\t\t\t\t<\/div>\n\t\t\t\t\t<\/div>\n\t\t\t\t<\/div>\n\t\t<div class=\"elementor-element elementor-element-38500052 e-con-full e-flex e-con e-parent\" data-id=\"38500052\" data-element_type=\"container\" data-e-type=\"container\">\n\t\t<div class=\"elementor-element elementor-element-2bba9f4c e-con-full e-flex e-con e-child\" data-id=\"2bba9f4c\" data-element_type=\"container\" data-e-type=\"container\">\n\t\t\t\t<div class=\"elementor-element elementor-element-5fa71053 elementor-widget elementor-widget-heading\" data-id=\"5fa71053\" data-element_type=\"widget\" data-e-type=\"widget\" data-widget_type=\"heading.default\">\n\t\t\t\t<div class=\"elementor-widget-container\">\n\t\t\t\t\t<h2 class=\"elementor-heading-title elementor-size-default\">AJUDAR I CUIDAR<\/h2>\t\t\t\t<\/div>\n\t\t\t\t<\/div>\n\t\t\t\t<div class=\"elementor-element elementor-element-5f18feee elementor-widget elementor-widget-heading\" data-id=\"5f18feee\" data-element_type=\"widget\" data-e-type=\"widget\" data-widget_type=\"heading.default\">\n\t\t\t\t<div class=\"elementor-widget-container\">\n\t\t\t\t\t<h3 class=\"elementor-heading-title elementor-size-default\">Un valor de la quiropr\u00e0ctica i de moment Quiropr\u00e0ctic<\/h3>\t\t\t\t<\/div>\n\t\t\t\t<\/div>\n\t\t\t\t<div class=\"elementor-element elementor-element-28d670bc elementor-widget__width-initial elementor-widget elementor-widget-text-editor\" data-id=\"28d670bc\" data-element_type=\"widget\" data-e-type=\"widget\" data-widget_type=\"text-editor.default\">\n\t\t\t\t<div class=\"elementor-widget-container\">\n\t\t\t\t\t\t\t\t\t<p><strong>La quiropr\u00e0ctica va comen\u00e7ar sent la nostra professi\u00f3 i es va transformar en la nostra missi\u00f3.  <\/strong><\/p><p>La nostra visi\u00f3 \u00e9s viure en un m\u00f3n m\u00e9s saludable, sostenible i feli\u00e7.\nI per aix\u00f2, ens agrada involucrar-nos en missions per ajudar tamb\u00e9 al tercer m\u00f3n.   <\/p><p>H<span style=\"letter-spacing: 0px; word-spacing: 0em; background-color: var( --e-global-color-primary );\">em viatjat <strong>a Hait\u00ed, Rep\u00fablica Dominicana ia l&#8217;\u00cdndia ajustant milers de persones<\/strong> i veient miracles de sanaci\u00f3 a les nostres mans.\nEns omple el cor poder ajustar a cada persona que s&#8217;encreui en el nostre cam\u00ed.   <\/span><\/p><p>Aqu\u00ed, a Barcelona, \u200b\u200bestem <strong>compromesos a cuidar i empoderar<\/strong> el poble catal\u00e0 i tots els que gaudeixen la vida a la ciutat comtal tan cosmopolita a nivell internacional.  <\/p>\t\t\t\t\t\t\t\t<\/div>\n\t\t\t\t<\/div>\n\t\t\t\t<\/div>\n\t\t<div class=\"elementor-element elementor-element-4c9547f3 e-con-full e-flex e-con e-child\" data-id=\"4c9547f3\" data-element_type=\"container\" data-e-type=\"container\">\n\t\t\t\t<div class=\"elementor-element elementor-element-1f549fd8 elementor-pagination-position-inside elementor-skin-carousel elementor-arrows-yes elementor-pagination-type-bullets elementor-widget elementor-widget-media-carousel\" data-id=\"1f549fd8\" data-element_type=\"widget\" data-e-type=\"widget\" data-settings=\"{&quot;effect&quot;:&quot;fade&quot;,&quot;space_between&quot;:{&quot;unit&quot;:&quot;px&quot;,&quot;size&quot;:5,&quot;sizes&quot;:[]},&quot;skin&quot;:&quot;carousel&quot;,&quot;show_arrows&quot;:&quot;yes&quot;,&quot;pagination&quot;:&quot;bullets&quot;,&quot;speed&quot;:500,&quot;autoplay&quot;:&quot;yes&quot;,&quot;autoplay_speed&quot;:5000,&quot;loop&quot;:&quot;yes&quot;,&quot;pause_on_hover&quot;:&quot;yes&quot;,&quot;pause_on_interaction&quot;:&quot;yes&quot;,&quot;space_between_tablet&quot;:{&quot;unit&quot;:&quot;px&quot;,&quot;size&quot;:10,&quot;sizes&quot;:[]},&quot;space_between_mobile&quot;:{&quot;unit&quot;:&quot;px&quot;,&quot;size&quot;:10,&quot;sizes&quot;:[]}}\" data-widget_type=\"media-carousel.default\">\n\t\t\t\t<div class=\"elementor-widget-container\">\n\t\t\t\t\t\t\t\t\t<div class=\"elementor-swiper\">\n\t\t\t\t\t<div class=\"elementor-main-swiper swiper\" role=\"region\" aria-roledescription=\"carousel\" aria-label=\"Diapositivas\">\n\t\t\t\t<div class=\"swiper-wrapper\">\n\t\t\t\t\t\t\t\t\t\t\t<div class=\"swiper-slide\" role=\"group\" aria-roledescription=\"slide\">\n\t\t\t\t\t\t\t\t\t<div class=\"elementor-carousel-image\" role=\"img\" aria-label=\"Misi\u00f3n India Quiropractica Momentum\" style=\"background-image: url(&#039;https:\/\/momentumquiro.com\/wp-content\/uploads\/2024\/11\/IMG_2064_Original-scaled-e1732389043631.jpg&#039;)\">\n\n\t\t\t\n\t\t\t\t\t<\/div>\n\t\t\t\t\t\t\t\t<\/div>\n\t\t\t\t\t\t\t\t\t\t\t<div class=\"swiper-slide\" role=\"group\" aria-roledescription=\"slide\">\n\t\t\t\t\t\t\t\t\t<div class=\"elementor-carousel-image\" role=\"img\" aria-label=\"Mision Humanitaria Momentum\" style=\"background-image: url(&#039;https:\/\/momentumquiro.com\/wp-content\/uploads\/2024\/11\/Mision-Humanitaria-Momentum.webp&#039;)\">\n\n\t\t\t\n\t\t\t\t\t<\/div>\n\t\t\t\t\t\t\t\t<\/div>\n\t\t\t\t\t\t\t\t\t\t\t<div class=\"swiper-slide\" role=\"group\" aria-roledescription=\"slide\">\n\t\t\t\t\t\t\t\t\t<div class=\"elementor-carousel-image\" role=\"img\" aria-label=\"Momentum Quiropractic Valores\" style=\"background-image: url(&#039;https:\/\/momentumquiro.com\/wp-content\/uploads\/2024\/11\/Momentum-Quiropractic-Valores.jpg&#039;)\">\n\n\t\t\t\n\t\t\t\t\t<\/div>\n\t\t\t\t\t\t\t\t<\/div>\n\t\t\t\t\t\t\t\t\t\t\t<div class=\"swiper-slide\" role=\"group\" aria-roledescription=\"slide\">\n\t\t\t\t\t\t\t\t\t<div class=\"elementor-carousel-image\" role=\"img\" aria-label=\"Momentum Quiropractic Valores Quiropractica\" style=\"background-image: url(&#039;https:\/\/momentumquiro.com\/wp-content\/uploads\/2024\/11\/Momentum-Quiropractic-Valores-Quiropractica-scaled.jpg&#039;)\">\n\n\t\t\t\n\t\t\t\t\t<\/div>\n\t\t\t\t\t\t\t\t<\/div>\n\t\t\t\t\t\t\t\t\t\t\t<div class=\"swiper-slide\" role=\"group\" aria-roledescription=\"slide\">\n\t\t\t\t\t\t\t\t\t<div class=\"elementor-carousel-image\" role=\"img\" aria-label=\"Filosofia Momentum Quiropractic\" style=\"background-image: url(&#039;https:\/\/momentumquiro.com\/wp-content\/uploads\/2020\/09\/Captura1.png&#039;)\">\n\n\t\t\t\n\t\t\t\t\t<\/div>\n\t\t\t\t\t\t\t\t<\/div>\n\t\t\t\t\t\t\t\t\t<\/div>\n\t\t\t\t\t\t\t\t\t\t\t\t\t\t\t<div class=\"elementor-swiper-button elementor-swiper-button-prev\" role=\"button\" tabindex=\"0\" aria-label=\"Previous\">\n\t\t\t\t\t\t\t<svg aria-hidden=\"true\" class=\"e-font-icon-svg e-eicon-chevron-left\" viewBox=\"0 0 1000 1000\" xmlns=\"http:\/\/www.w3.org\/2000\/svg\"><path d=\"M646 125C629 125 613 133 604 142L308 442C296 454 292 471 292 487 292 504 296 521 308 533L604 854C617 867 629 875 646 875 663 875 679 871 692 858 704 846 713 829 713 812 713 796 708 779 692 767L438 487 692 225C700 217 708 204 708 187 708 171 704 154 692 142 675 129 663 125 646 125Z\"><\/path><\/svg>\t\t\t\t\t\t<\/div>\n\t\t\t\t\t\t<div class=\"elementor-swiper-button elementor-swiper-button-next\" role=\"button\" tabindex=\"0\" aria-label=\"Next\">\n\t\t\t\t\t\t\t<svg aria-hidden=\"true\" class=\"e-font-icon-svg e-eicon-chevron-right\" viewBox=\"0 0 1000 1000\" xmlns=\"http:\/\/www.w3.org\/2000\/svg\"><path d=\"M696 533C708 521 713 504 713 487 713 471 708 454 696 446L400 146C388 133 375 125 354 125 338 125 325 129 313 142 300 154 292 171 292 187 292 204 296 221 308 233L563 492 304 771C292 783 288 800 288 817 288 833 296 850 308 863 321 871 338 875 354 875 371 875 388 867 400 854L696 533Z\"><\/path><\/svg>\t\t\t\t\t\t<\/div>\n\t\t\t\t\t\t\t\t\t\t\t\t\t\t\t\t<div class=\"swiper-pagination\"><\/div>\n\t\t\t\t\t\t\t\t\t\t\t\t<\/div>\n\t\t\t\t<\/div>\n\t\t\t\t\t\t\t\t<\/div>\n\t\t\t\t<\/div>\n\t\t\t\t<\/div>\n\t\t\t\t<\/div>\n\t\t\t\t<\/div>\n\t\t","protected":false},"excerpt":{"rendered":"<p>Descobreix la nostra missi\u00f3 amb la quiropr\u00e0ctica al centre Momentum Quiropr\u00e0ctic a Barcelona<\/p>\n","protected":false},"author":1,"featured_media":0,"parent":0,"menu_order":0,"comment_status":"closed","ping_status":"open","template":"elementor_header_footer","meta":{"_seopress_robots_primary_cat":"","_seopress_titles_title":"%%title%% %%page%% %%sep%% %%sitename%%","_seopress_titles_desc":"Descobreix el nostre enfocament hol\u00edstic de la quiropr\u00e0ctica per al teu benestar al centre Momentum Quiropr\u00e0ctic a Barcelona","_seopress_robots_index":"","om_disable_all_campaigns":false,"_monsterinsights_skip_tracking":false,"_monsterinsights_sitenote_active":false,"_monsterinsights_sitenote_note":"","_monsterinsights_sitenote_category":0,"_uf_show_specific_survey":0,"_uf_disable_surveys":false,"footnotes":""},"class_list":["post-5746","page","type-page","status-publish","hentry"],"yoast_head":"<!-- This site is optimized with the Yoast SEO plugin v27.3 - https:\/\/yoast.com\/product\/yoast-seo-wordpress\/ -->\n<title>Sobre Nosaltres - Momentum Quiropr\u00e0ctic<\/title>\n<meta name=\"description\" content=\"Descobreix el nostre enfocament hol\u00edstic de la quiropr\u00e0ctica per al teu benestar al centre Momentum Quiropr\u00e0ctic a Barcelona\" \/>\n<meta name=\"robots\" content=\"index, follow, max-snippet:-1, max-image-preview:large, max-video-preview:-1\" \/>\n<link rel=\"canonical\" href=\"https:\/\/momentumquiro.com\/ca\/momentum\/\" \/>\n<meta property=\"og:locale\" content=\"ca_ES\" \/>\n<meta property=\"og:type\" content=\"article\" \/>\n<meta property=\"og:title\" content=\"Sobre Nosaltres |\" \/>\n<meta property=\"og:description\" content=\"Descobreix la nostra missi\u00f3 amb la quiropr\u00e0ctica al centre Momentum Quiropr\u00e0ctic a Barcelona\" \/>\n<meta property=\"og:url\" content=\"https:\/\/momentumquiro.com\/ca\/momentum\/\" \/>\n<meta property=\"og:site_name\" content=\"Momentum Quiropr\u00e0ctic\" \/>\n<meta property=\"article:publisher\" content=\"https:\/\/www.facebook.com\/momentum.quiro\" \/>\n<meta property=\"article:modified_time\" content=\"2026-01-09T15:01:53+00:00\" \/>\n<meta property=\"og:image\" content=\"https:\/\/momentumquiro.com\/wp-content\/uploads\/2024\/10\/Mision-Momentum-Quiropractic-Centro-Barcelona-1030x579.png\" \/>\n<meta name=\"twitter:card\" content=\"summary_large_image\" \/>\n<meta name=\"twitter:label1\" content=\"Temps estimat de lectura\" \/>\n\t<meta name=\"twitter:data1\" content=\"5 minuts\" \/>\n<script type=\"application\/ld+json\" class=\"yoast-schema-graph\">{\"@context\":\"https:\\\/\\\/schema.org\",\"@graph\":[{\"@type\":\"WebPage\",\"@id\":\"https:\\\/\\\/momentumquiro.com\\\/ca\\\/momentum\\\/\",\"url\":\"https:\\\/\\\/momentumquiro.com\\\/ca\\\/momentum\\\/\",\"name\":\"Sobre Nosaltres - Momentum Quiropr\u00e0ctic\",\"isPartOf\":{\"@id\":\"https:\\\/\\\/momentumquiro.com\\\/ca\\\/#website\"},\"datePublished\":\"2022-06-10T16:31:46+00:00\",\"dateModified\":\"2026-01-09T15:01:53+00:00\",\"description\":\"Descobreix el nostre enfocament hol\u00edstic de la quiropr\u00e0ctica per al teu benestar al centre Momentum Quiropr\u00e0ctic a Barcelona\",\"breadcrumb\":{\"@id\":\"https:\\\/\\\/momentumquiro.com\\\/ca\\\/momentum\\\/#breadcrumb\"},\"inLanguage\":\"ca\",\"potentialAction\":[{\"@type\":\"ReadAction\",\"target\":[\"https:\\\/\\\/momentumquiro.com\\\/ca\\\/momentum\\\/\"]}]},{\"@type\":\"BreadcrumbList\",\"@id\":\"https:\\\/\\\/momentumquiro.com\\\/ca\\\/momentum\\\/#breadcrumb\",\"itemListElement\":[{\"@type\":\"ListItem\",\"position\":1,\"name\":\"Home\",\"item\":\"https:\\\/\\\/momentumquiro.com\\\/ca\\\/\"},{\"@type\":\"ListItem\",\"position\":2,\"name\":\"Sobre Nosaltres\"}]},{\"@type\":\"WebSite\",\"@id\":\"https:\\\/\\\/momentumquiro.com\\\/ca\\\/#website\",\"url\":\"https:\\\/\\\/momentumquiro.com\\\/ca\\\/\",\"name\":\"Momentum Quiropr\u00e0ctic\",\"description\":\"Centro premium quiropr\u00e1ctico Barcelona\",\"publisher\":{\"@id\":\"https:\\\/\\\/momentumquiro.com\\\/ca\\\/#organization\"},\"alternateName\":\"Momentum Quiropractic\",\"potentialAction\":[{\"@type\":\"SearchAction\",\"target\":{\"@type\":\"EntryPoint\",\"urlTemplate\":\"https:\\\/\\\/momentumquiro.com\\\/ca\\\/?s={search_term_string}\"},\"query-input\":{\"@type\":\"PropertyValueSpecification\",\"valueRequired\":true,\"valueName\":\"search_term_string\"}}],\"inLanguage\":\"ca\"},{\"@type\":\"Organization\",\"@id\":\"https:\\\/\\\/momentumquiro.com\\\/ca\\\/#organization\",\"name\":\"Momentum Quiropr\u00e0ctic Barcelona\",\"url\":\"https:\\\/\\\/momentumquiro.com\\\/ca\\\/\",\"logo\":{\"@type\":\"ImageObject\",\"inLanguage\":\"ca\",\"@id\":\"https:\\\/\\\/momentumquiro.com\\\/ca\\\/#\\\/schema\\\/logo\\\/image\\\/\",\"url\":\"https:\\\/\\\/momentumquiro.com\\\/wp-content\\\/uploads\\\/2024\\\/10\\\/Logo-Momentum-Black.svg\",\"contentUrl\":\"https:\\\/\\\/momentumquiro.com\\\/wp-content\\\/uploads\\\/2024\\\/10\\\/Logo-Momentum-Black.svg\",\"width\":300,\"height\":100,\"caption\":\"Momentum Quiropr\u00e0ctic Barcelona\"},\"image\":{\"@id\":\"https:\\\/\\\/momentumquiro.com\\\/ca\\\/#\\\/schema\\\/logo\\\/image\\\/\"},\"sameAs\":[\"https:\\\/\\\/www.facebook.com\\\/momentum.quiro\",\"https:\\\/\\\/www.instagram.com\\\/momentum.quiro\\\/\",\"https:\\\/\\\/www.linkedin.com\\\/company\\\/momentum-quiropr\u00e0ctic\\\/\",\"https:\\\/\\\/www.youtube.com\\\/channel\\\/UCzyd8XILzGyjQ6vjHZruiaQ\"]}]}<\/script>\n<!-- \/ Yoast SEO plugin. -->","yoast_head_json":{"title":"Sobre Nosaltres - Momentum Quiropr\u00e0ctic","description":"Descobreix el nostre enfocament hol\u00edstic de la quiropr\u00e0ctica per al teu benestar al centre Momentum Quiropr\u00e0ctic a Barcelona","robots":{"index":"index","follow":"follow","max-snippet":"max-snippet:-1","max-image-preview":"max-image-preview:large","max-video-preview":"max-video-preview:-1"},"canonical":"https:\/\/momentumquiro.com\/ca\/momentum\/","og_locale":"ca_ES","og_type":"article","og_title":"Sobre Nosaltres |","og_description":"Descobreix la nostra missi\u00f3 amb la quiropr\u00e0ctica al centre Momentum Quiropr\u00e0ctic a Barcelona","og_url":"https:\/\/momentumquiro.com\/ca\/momentum\/","og_site_name":"Momentum Quiropr\u00e0ctic","article_publisher":"https:\/\/www.facebook.com\/momentum.quiro","article_modified_time":"2026-01-09T15:01:53+00:00","og_image":[{"url":"https:\/\/momentumquiro.com\/wp-content\/uploads\/2024\/10\/Mision-Momentum-Quiropractic-Centro-Barcelona-1030x579.png","type":"","width":"","height":""}],"twitter_card":"summary_large_image","twitter_misc":{"Temps estimat de lectura":"5 minuts"},"schema":{"@context":"https:\/\/schema.org","@graph":[{"@type":"WebPage","@id":"https:\/\/momentumquiro.com\/ca\/momentum\/","url":"https:\/\/momentumquiro.com\/ca\/momentum\/","name":"Sobre Nosaltres - Momentum Quiropr\u00e0ctic","isPartOf":{"@id":"https:\/\/momentumquiro.com\/ca\/#website"},"datePublished":"2022-06-10T16:31:46+00:00","dateModified":"2026-01-09T15:01:53+00:00","description":"Descobreix el nostre enfocament hol\u00edstic de la quiropr\u00e0ctica per al teu benestar al centre Momentum Quiropr\u00e0ctic a Barcelona","breadcrumb":{"@id":"https:\/\/momentumquiro.com\/ca\/momentum\/#breadcrumb"},"inLanguage":"ca","potentialAction":[{"@type":"ReadAction","target":["https:\/\/momentumquiro.com\/ca\/momentum\/"]}]},{"@type":"BreadcrumbList","@id":"https:\/\/momentumquiro.com\/ca\/momentum\/#breadcrumb","itemListElement":[{"@type":"ListItem","position":1,"name":"Home","item":"https:\/\/momentumquiro.com\/ca\/"},{"@type":"ListItem","position":2,"name":"Sobre Nosaltres"}]},{"@type":"WebSite","@id":"https:\/\/momentumquiro.com\/ca\/#website","url":"https:\/\/momentumquiro.com\/ca\/","name":"Momentum Quiropr\u00e0ctic","description":"Centro premium quiropr\u00e1ctico Barcelona","publisher":{"@id":"https:\/\/momentumquiro.com\/ca\/#organization"},"alternateName":"Momentum Quiropractic","potentialAction":[{"@type":"SearchAction","target":{"@type":"EntryPoint","urlTemplate":"https:\/\/momentumquiro.com\/ca\/?s={search_term_string}"},"query-input":{"@type":"PropertyValueSpecification","valueRequired":true,"valueName":"search_term_string"}}],"inLanguage":"ca"},{"@type":"Organization","@id":"https:\/\/momentumquiro.com\/ca\/#organization","name":"Momentum Quiropr\u00e0ctic Barcelona","url":"https:\/\/momentumquiro.com\/ca\/","logo":{"@type":"ImageObject","inLanguage":"ca","@id":"https:\/\/momentumquiro.com\/ca\/#\/schema\/logo\/image\/","url":"https:\/\/momentumquiro.com\/wp-content\/uploads\/2024\/10\/Logo-Momentum-Black.svg","contentUrl":"https:\/\/momentumquiro.com\/wp-content\/uploads\/2024\/10\/Logo-Momentum-Black.svg","width":300,"height":100,"caption":"Momentum Quiropr\u00e0ctic Barcelona"},"image":{"@id":"https:\/\/momentumquiro.com\/ca\/#\/schema\/logo\/image\/"},"sameAs":["https:\/\/www.facebook.com\/momentum.quiro","https:\/\/www.instagram.com\/momentum.quiro\/","https:\/\/www.linkedin.com\/company\/momentum-quiropr\u00e0ctic\/","https:\/\/www.youtube.com\/channel\/UCzyd8XILzGyjQ6vjHZruiaQ"]}]}},"_links":{"self":[{"href":"https:\/\/momentumquiro.com\/ca\/wp-json\/wp\/v2\/pages\/5746","targetHints":{"allow":["GET"]}}],"collection":[{"href":"https:\/\/momentumquiro.com\/ca\/wp-json\/wp\/v2\/pages"}],"about":[{"href":"https:\/\/momentumquiro.com\/ca\/wp-json\/wp\/v2\/types\/page"}],"author":[{"embeddable":true,"href":"https:\/\/momentumquiro.com\/ca\/wp-json\/wp\/v2\/users\/1"}],"replies":[{"embeddable":true,"href":"https:\/\/momentumquiro.com\/ca\/wp-json\/wp\/v2\/comments?post=5746"}],"version-history":[{"count":49,"href":"https:\/\/momentumquiro.com\/ca\/wp-json\/wp\/v2\/pages\/5746\/revisions"}],"predecessor-version":[{"id":23122,"href":"https:\/\/momentumquiro.com\/ca\/wp-json\/wp\/v2\/pages\/5746\/revisions\/23122"}],"wp:attachment":[{"href":"https:\/\/momentumquiro.com\/ca\/wp-json\/wp\/v2\/media?parent=5746"}],"curies":[{"name":"wp","href":"https:\/\/api.w.org\/{rel}","templated":true}]}}