{"id":5901,"date":"2022-06-13T18:12:58","date_gmt":"2022-06-13T18:12:58","guid":{"rendered":"https:\/\/momentumquiro.com\/reserva-la-teva-visita\/"},"modified":"2025-09-03T11:51:38","modified_gmt":"2025-09-03T11:51:38","slug":"reserva-la-teva-visita","status":"publish","type":"page","link":"https:\/\/momentumquiro.com\/ca\/reserva-la-teva-visita\/","title":{"rendered":"Reserva la teva visita"},"content":{"rendered":"\t\t<div data-elementor-type=\"wp-page\" data-elementor-id=\"5901\" class=\"elementor elementor-5901 elementor-3275\" data-elementor-post-type=\"page\">\n\t\t\t\t<div class=\"elementor-element elementor-element-6bcaf60c e-con-full e-flex e-con e-parent\" data-id=\"6bcaf60c\" data-element_type=\"container\" data-e-type=\"container\" data-settings=\"{&quot;background_background&quot;:&quot;classic&quot;}\">\n\t\t\t\t<div class=\"elementor-element elementor-element-36bad9c5 elementor-widget elementor-widget-heading\" data-id=\"36bad9c5\" data-element_type=\"widget\" data-e-type=\"widget\" data-widget_type=\"heading.default\">\n\t\t\t\t<div class=\"elementor-widget-container\">\n\t\t\t\t\t<h1 class=\"elementor-heading-title elementor-size-default\">RESERVA LA TEVA VISITA A MOMENTUM QUIROPR\u00c0CTIC<\/h1>\t\t\t\t<\/div>\n\t\t\t\t<\/div>\n\t\t\t\t<div class=\"elementor-element elementor-element-c9feca1 elementor-widget__width-initial elementor-widget elementor-widget-html\" data-id=\"c9feca1\" data-element_type=\"widget\" data-e-type=\"widget\" data-widget_type=\"html.default\">\n\t\t\t\t<div class=\"elementor-widget-container\">\n\t\t\t\t\t<!-- Booking Widget -->\n<div id=\"ph_online_bookings_widget\"><\/div>\n\n<!-- Configuration Script -->\n<script>\n  window.BookingTrackerConfig = {\n    domain: \"phmomentum19.neptune.practicehub.io\"\n  };\n\n  const phob_embed_version = Math.floor(Date.now()\/3600000);\n  const phob_embed_script = document.createElement('script');\n  phob_embed_script.id = 'ph-embed';\n  phob_embed_script.setAttribute('data-ph-embed', '');\n  phob_embed_script.type = 'text\/javascript';\n  phob_embed_script.src = \"https:\/\/phmomentum19.neptune.practicehub.io\/assets\/js\/booking-form-embed.js?v=\" + phob_embed_version;\n  document.currentScript.parentNode.insertBefore(phob_embed_script, document.currentScript.nextSibling);\n<\/script>\n\t\t\t\t<\/div>\n\t\t\t\t<\/div>\n\t\t\t\t<\/div>\n\t\t<div class=\"elementor-element elementor-element-8b78b45 e-con-full e-flex e-con e-parent\" data-id=\"8b78b45\" data-element_type=\"container\" data-e-type=\"container\" data-settings=\"{&quot;background_background&quot;:&quot;classic&quot;}\">\n\t\t<div class=\"elementor-element elementor-element-dc2431b e-con-full e-flex e-con e-child\" data-id=\"dc2431b\" data-element_type=\"container\" data-e-type=\"container\">\n\t\t\t\t<div class=\"elementor-element elementor-element-29096f9 elementor-widget elementor-widget-heading\" data-id=\"29096f9\" data-element_type=\"widget\" data-e-type=\"widget\" data-widget_type=\"heading.default\">\n\t\t\t\t<div class=\"elementor-widget-container\">\n\t\t\t\t\t<h2 class=\"elementor-heading-title elementor-size-default\">Com fer efectiva la reserva?<\/h2>\t\t\t\t<\/div>\n\t\t\t\t<\/div>\n\t\t\t\t<\/div>\n\t\t<div class=\"elementor-element elementor-element-e27ef1a e-con-full e-flex e-con e-child\" data-id=\"e27ef1a\" data-element_type=\"container\" data-e-type=\"container\">\n\t\t\t\t<div class=\"elementor-element elementor-element-9a1320c elementor-widget elementor-widget-text-editor\" data-id=\"9a1320c\" data-element_type=\"widget\" data-e-type=\"widget\" data-widget_type=\"text-editor.default\">\n\t\t\t\t<div class=\"elementor-widget-container\">\n\t\t\t\t\t\t\t\t\t<ol><li>Selecciona la cita (Primera visita o Ajust quiropr\u00e0ctic)<\/li><li>Escull un quiropr\u00e0ctic del nostre equip. Pots con\u00e8ixer-nos millor <a href=\"https:\/\/momentumquiro.com\/ca\/equip\/\" target=\"_blank\" rel=\"noopener\">aqu\u00ed<\/a> .<\/li><li>Selecciona la data que et vagi millor<\/li><li>Omple els camps amb les teves dades de contacte<\/li><li>Llest&#8230; t\u2019esperem a Momentum perqu\u00e8 comencis el teu viatge de benestar!<\/li><\/ol><div>\u00a0<\/div><div><em>* En cas de tenir la p\u00f2lissa <a href=\"https:\/\/www.axa.es\/seguros-de-salud\" target=\"_blank\" rel=\"noopener\">Optimal Plus d&#8217;Axa<\/a> la teva companyia et reemborsar\u00e0 fins al 90% de l&#8217;import de la teva cura quiropr\u00e0ctica<\/em><\/div>\t\t\t\t\t\t\t\t<\/div>\n\t\t\t\t<\/div>\n\t\t\t\t<\/div>\n\t\t\t\t<\/div>\n\t\t<div class=\"elementor-element elementor-element-709e57ac e-flex e-con-boxed e-con e-parent\" data-id=\"709e57ac\" data-element_type=\"container\" data-e-type=\"container\" data-settings=\"{&quot;background_background&quot;:&quot;classic&quot;}\">\n\t\t\t\t\t<div class=\"e-con-inner\">\n\t\t\t\t<div class=\"elementor-element elementor-element-3db44dd6 elementor-widget__width-initial elementor-headline--style-highlight elementor-widget elementor-widget-animated-headline\" data-id=\"3db44dd6\" data-element_type=\"widget\" data-e-type=\"widget\" data-settings=\"{&quot;marker&quot;:&quot;underline&quot;,&quot;highlighted_text&quot;:&quot;5 ESTRELLES&quot;,&quot;headline_style&quot;:&quot;highlight&quot;,&quot;loop&quot;:&quot;yes&quot;,&quot;highlight_animation_duration&quot;:1200,&quot;highlight_iteration_delay&quot;:8000}\" data-widget_type=\"animated-headline.default\">\n\t\t\t\t<div class=\"elementor-widget-container\">\n\t\t\t\t\t\t\t<h5 class=\"elementor-headline\">\n\t\t\t\t\t<span class=\"elementor-headline-plain-text elementor-headline-text-wrapper\">ENS AVALEN AMB UNA EXPERI\u00c8NCIA<\/span>\n\t\t\t\t<span class=\"elementor-headline-dynamic-wrapper elementor-headline-text-wrapper\">\n\t\t\t\t\t<span class=\"elementor-headline-dynamic-text elementor-headline-text-active\">5 ESTRELLES<\/span>\n\t\t\t\t<\/span>\n\t\t\t\t\t<span class=\"elementor-headline-plain-text elementor-headline-text-wrapper\">EN LA CURA DE LA SEVA SALUT<\/span>\n\t\t\t\t\t<\/h5>\n\t\t\t\t\t\t<\/div>\n\t\t\t\t<\/div>\n\t\t\t\t<div class=\"elementor-element elementor-element-41ac83b2 elementor-widget elementor-widget-shortcode\" data-id=\"41ac83b2\" data-element_type=\"widget\" data-e-type=\"widget\" data-widget_type=\"shortcode.default\">\n\t\t\t\t<div class=\"elementor-widget-container\">\n\t\t\t\t\t\t\t<div class=\"elementor-shortcode\"><div data-src=\"https:\/\/cdn.trustindex.io\/loader.js?2fd135d3549152410086fee0362\"><\/div><\/div>\n\t\t\t\t\t\t<\/div>\n\t\t\t\t<\/div>\n\t\t\t\t\t<\/div>\n\t\t\t\t<\/div>\n\t\t\t\t<\/div>\n\t\t","protected":false},"excerpt":{"rendered":"<p>Reserva la teva visita al centre quiropr\u00e0ctic premium Momentum Quiropr\u00e0ctic a Barcelona<\/p>\n","protected":false},"author":3,"featured_media":10870,"parent":0,"menu_order":0,"comment_status":"open","ping_status":"open","template":"elementor_header_footer","meta":{"_seopress_robots_primary_cat":"","_seopress_titles_title":"Reserva la teva visita - Momentum Quiropr\u00e0ctic Barcelona","_seopress_titles_desc":"Reserva la teva cita de quiropr\u00e0ctica al centre quiropr\u00e0ctic. Momentum Quiropr\u00e0ctic, situat al centre de Barcelona.","_seopress_robots_index":"","om_disable_all_campaigns":false,"_monsterinsights_skip_tracking":false,"_monsterinsights_sitenote_active":false,"_monsterinsights_sitenote_note":"","_monsterinsights_sitenote_category":0,"_uf_show_specific_survey":0,"_uf_disable_surveys":false,"footnotes":""},"class_list":["post-5901","page","type-page","status-publish","has-post-thumbnail","hentry"],"yoast_head":"<!-- This site is optimized with the Yoast SEO plugin v27.3 - https:\/\/yoast.com\/product\/yoast-seo-wordpress\/ -->\n<title>Reserva la teva visita - Momentum Quiropr\u00e0ctic Barcelona<\/title>\n<meta name=\"description\" content=\"Reserva la teva cita de quiropr\u00e0ctica al centre quiropr\u00e0ctic. Momentum Quiropr\u00e0ctic, situat al centre de Barcelona.\" \/>\n<meta name=\"robots\" content=\"index, follow, max-snippet:-1, max-image-preview:large, max-video-preview:-1\" \/>\n<link rel=\"canonical\" href=\"https:\/\/momentumquiro.com\/ca\/reserva-la-teva-visita\/\" \/>\n<meta property=\"og:locale\" content=\"ca_ES\" \/>\n<meta property=\"og:type\" content=\"article\" \/>\n<meta property=\"og:title\" content=\"Reserva la teva visita | Momentum Quiropr\u00e0ctic\" \/>\n<meta property=\"og:description\" content=\"Reserva la teva visita al centre quiropr\u00e0ctic premium Momentum Quiropr\u00e0ctic a Barcelona\" \/>\n<meta property=\"og:url\" content=\"https:\/\/momentumquiro.com\/ca\/reserva-la-teva-visita\/\" \/>\n<meta property=\"og:site_name\" content=\"Momentum Quiropr\u00e0ctic\" \/>\n<meta property=\"article:publisher\" content=\"https:\/\/www.facebook.com\/momentum.quiro\" \/>\n<meta property=\"article:modified_time\" content=\"2025-09-03T11:51:38+00:00\" \/>\n<meta property=\"og:image\" content=\"https:\/\/momentumquiro.com\/wp-content\/uploads\/2024\/10\/PORTADA-22UN-OASIS-DE-DESCONEXION22-1030x689.jpg\" \/>\n<meta name=\"twitter:card\" content=\"summary_large_image\" \/>\n<meta name=\"twitter:label1\" content=\"Temps estimat de lectura\" \/>\n\t<meta name=\"twitter:data1\" content=\"3 minuts\" \/>\n<script type=\"application\/ld+json\" class=\"yoast-schema-graph\">{\"@context\":\"https:\\\/\\\/schema.org\",\"@graph\":[{\"@type\":\"WebPage\",\"@id\":\"https:\\\/\\\/momentumquiro.com\\\/ca\\\/reserva-la-teva-visita\\\/\",\"url\":\"https:\\\/\\\/momentumquiro.com\\\/ca\\\/reserva-la-teva-visita\\\/\",\"name\":\"Reserva la teva visita - Momentum Quiropr\u00e0ctic Barcelona\",\"isPartOf\":{\"@id\":\"https:\\\/\\\/momentumquiro.com\\\/ca\\\/#website\"},\"primaryImageOfPage\":{\"@id\":\"https:\\\/\\\/momentumquiro.com\\\/ca\\\/reserva-la-teva-visita\\\/#primaryimage\"},\"image\":{\"@id\":\"https:\\\/\\\/momentumquiro.com\\\/ca\\\/reserva-la-teva-visita\\\/#primaryimage\"},\"thumbnailUrl\":\"https:\\\/\\\/momentumquiro.com\\\/wp-content\\\/uploads\\\/2024\\\/10\\\/PORTADA-22UN-OASIS-DE-DESCONEXION22-scaled.jpg\",\"datePublished\":\"2022-06-13T18:12:58+00:00\",\"dateModified\":\"2025-09-03T11:51:38+00:00\",\"description\":\"Reserva la teva cita de quiropr\u00e0ctica al centre quiropr\u00e0ctic. Momentum Quiropr\u00e0ctic, situat al centre de Barcelona.\",\"breadcrumb\":{\"@id\":\"https:\\\/\\\/momentumquiro.com\\\/ca\\\/reserva-la-teva-visita\\\/#breadcrumb\"},\"inLanguage\":\"ca\",\"potentialAction\":[{\"@type\":\"ReadAction\",\"target\":[\"https:\\\/\\\/momentumquiro.com\\\/ca\\\/reserva-la-teva-visita\\\/\"]}]},{\"@type\":\"ImageObject\",\"inLanguage\":\"ca\",\"@id\":\"https:\\\/\\\/momentumquiro.com\\\/ca\\\/reserva-la-teva-visita\\\/#primaryimage\",\"url\":\"https:\\\/\\\/momentumquiro.com\\\/wp-content\\\/uploads\\\/2024\\\/10\\\/PORTADA-22UN-OASIS-DE-DESCONEXION22-scaled.jpg\",\"contentUrl\":\"https:\\\/\\\/momentumquiro.com\\\/wp-content\\\/uploads\\\/2024\\\/10\\\/PORTADA-22UN-OASIS-DE-DESCONEXION22-scaled.jpg\",\"width\":2560,\"height\":1713,\"caption\":\"Centro bienestar Momentum Quiropractic\"},{\"@type\":\"BreadcrumbList\",\"@id\":\"https:\\\/\\\/momentumquiro.com\\\/ca\\\/reserva-la-teva-visita\\\/#breadcrumb\",\"itemListElement\":[{\"@type\":\"ListItem\",\"position\":1,\"name\":\"Home\",\"item\":\"https:\\\/\\\/momentumquiro.com\\\/ca\\\/\"},{\"@type\":\"ListItem\",\"position\":2,\"name\":\"Reserva la teva visita\"}]},{\"@type\":\"WebSite\",\"@id\":\"https:\\\/\\\/momentumquiro.com\\\/ca\\\/#website\",\"url\":\"https:\\\/\\\/momentumquiro.com\\\/ca\\\/\",\"name\":\"Momentum Quiropr\u00e0ctic\",\"description\":\"Centro premium quiropr\u00e1ctico Barcelona\",\"publisher\":{\"@id\":\"https:\\\/\\\/momentumquiro.com\\\/ca\\\/#organization\"},\"alternateName\":\"Momentum Quiropractic\",\"potentialAction\":[{\"@type\":\"SearchAction\",\"target\":{\"@type\":\"EntryPoint\",\"urlTemplate\":\"https:\\\/\\\/momentumquiro.com\\\/ca\\\/?s={search_term_string}\"},\"query-input\":{\"@type\":\"PropertyValueSpecification\",\"valueRequired\":true,\"valueName\":\"search_term_string\"}}],\"inLanguage\":\"ca\"},{\"@type\":\"Organization\",\"@id\":\"https:\\\/\\\/momentumquiro.com\\\/ca\\\/#organization\",\"name\":\"Momentum Quiropr\u00e0ctic Barcelona\",\"url\":\"https:\\\/\\\/momentumquiro.com\\\/ca\\\/\",\"logo\":{\"@type\":\"ImageObject\",\"inLanguage\":\"ca\",\"@id\":\"https:\\\/\\\/momentumquiro.com\\\/ca\\\/#\\\/schema\\\/logo\\\/image\\\/\",\"url\":\"https:\\\/\\\/momentumquiro.com\\\/wp-content\\\/uploads\\\/2024\\\/10\\\/Logo-Momentum-Black.svg\",\"contentUrl\":\"https:\\\/\\\/momentumquiro.com\\\/wp-content\\\/uploads\\\/2024\\\/10\\\/Logo-Momentum-Black.svg\",\"width\":300,\"height\":100,\"caption\":\"Momentum Quiropr\u00e0ctic Barcelona\"},\"image\":{\"@id\":\"https:\\\/\\\/momentumquiro.com\\\/ca\\\/#\\\/schema\\\/logo\\\/image\\\/\"},\"sameAs\":[\"https:\\\/\\\/www.facebook.com\\\/momentum.quiro\",\"https:\\\/\\\/www.instagram.com\\\/momentum.quiro\\\/\",\"https:\\\/\\\/www.linkedin.com\\\/company\\\/momentum-quiropr\u00e0ctic\\\/\",\"https:\\\/\\\/www.youtube.com\\\/channel\\\/UCzyd8XILzGyjQ6vjHZruiaQ\"]}]}<\/script>\n<!-- \/ Yoast SEO plugin. -->","yoast_head_json":{"title":"Reserva la teva visita - Momentum Quiropr\u00e0ctic Barcelona","description":"Reserva la teva cita de quiropr\u00e0ctica al centre quiropr\u00e0ctic. Momentum Quiropr\u00e0ctic, situat al centre de Barcelona.","robots":{"index":"index","follow":"follow","max-snippet":"max-snippet:-1","max-image-preview":"max-image-preview:large","max-video-preview":"max-video-preview:-1"},"canonical":"https:\/\/momentumquiro.com\/ca\/reserva-la-teva-visita\/","og_locale":"ca_ES","og_type":"article","og_title":"Reserva la teva visita | Momentum Quiropr\u00e0ctic","og_description":"Reserva la teva visita al centre quiropr\u00e0ctic premium Momentum Quiropr\u00e0ctic a Barcelona","og_url":"https:\/\/momentumquiro.com\/ca\/reserva-la-teva-visita\/","og_site_name":"Momentum Quiropr\u00e0ctic","article_publisher":"https:\/\/www.facebook.com\/momentum.quiro","article_modified_time":"2025-09-03T11:51:38+00:00","og_image":[{"url":"https:\/\/momentumquiro.com\/wp-content\/uploads\/2024\/10\/PORTADA-22UN-OASIS-DE-DESCONEXION22-1030x689.jpg","type":"","width":"","height":""}],"twitter_card":"summary_large_image","twitter_misc":{"Temps estimat de lectura":"3 minuts"},"schema":{"@context":"https:\/\/schema.org","@graph":[{"@type":"WebPage","@id":"https:\/\/momentumquiro.com\/ca\/reserva-la-teva-visita\/","url":"https:\/\/momentumquiro.com\/ca\/reserva-la-teva-visita\/","name":"Reserva la teva visita - Momentum Quiropr\u00e0ctic Barcelona","isPartOf":{"@id":"https:\/\/momentumquiro.com\/ca\/#website"},"primaryImageOfPage":{"@id":"https:\/\/momentumquiro.com\/ca\/reserva-la-teva-visita\/#primaryimage"},"image":{"@id":"https:\/\/momentumquiro.com\/ca\/reserva-la-teva-visita\/#primaryimage"},"thumbnailUrl":"https:\/\/momentumquiro.com\/wp-content\/uploads\/2024\/10\/PORTADA-22UN-OASIS-DE-DESCONEXION22-scaled.jpg","datePublished":"2022-06-13T18:12:58+00:00","dateModified":"2025-09-03T11:51:38+00:00","description":"Reserva la teva cita de quiropr\u00e0ctica al centre quiropr\u00e0ctic. Momentum Quiropr\u00e0ctic, situat al centre de Barcelona.","breadcrumb":{"@id":"https:\/\/momentumquiro.com\/ca\/reserva-la-teva-visita\/#breadcrumb"},"inLanguage":"ca","potentialAction":[{"@type":"ReadAction","target":["https:\/\/momentumquiro.com\/ca\/reserva-la-teva-visita\/"]}]},{"@type":"ImageObject","inLanguage":"ca","@id":"https:\/\/momentumquiro.com\/ca\/reserva-la-teva-visita\/#primaryimage","url":"https:\/\/momentumquiro.com\/wp-content\/uploads\/2024\/10\/PORTADA-22UN-OASIS-DE-DESCONEXION22-scaled.jpg","contentUrl":"https:\/\/momentumquiro.com\/wp-content\/uploads\/2024\/10\/PORTADA-22UN-OASIS-DE-DESCONEXION22-scaled.jpg","width":2560,"height":1713,"caption":"Centro bienestar Momentum Quiropractic"},{"@type":"BreadcrumbList","@id":"https:\/\/momentumquiro.com\/ca\/reserva-la-teva-visita\/#breadcrumb","itemListElement":[{"@type":"ListItem","position":1,"name":"Home","item":"https:\/\/momentumquiro.com\/ca\/"},{"@type":"ListItem","position":2,"name":"Reserva la teva visita"}]},{"@type":"WebSite","@id":"https:\/\/momentumquiro.com\/ca\/#website","url":"https:\/\/momentumquiro.com\/ca\/","name":"Momentum Quiropr\u00e0ctic","description":"Centro premium quiropr\u00e1ctico Barcelona","publisher":{"@id":"https:\/\/momentumquiro.com\/ca\/#organization"},"alternateName":"Momentum Quiropractic","potentialAction":[{"@type":"SearchAction","target":{"@type":"EntryPoint","urlTemplate":"https:\/\/momentumquiro.com\/ca\/?s={search_term_string}"},"query-input":{"@type":"PropertyValueSpecification","valueRequired":true,"valueName":"search_term_string"}}],"inLanguage":"ca"},{"@type":"Organization","@id":"https:\/\/momentumquiro.com\/ca\/#organization","name":"Momentum Quiropr\u00e0ctic Barcelona","url":"https:\/\/momentumquiro.com\/ca\/","logo":{"@type":"ImageObject","inLanguage":"ca","@id":"https:\/\/momentumquiro.com\/ca\/#\/schema\/logo\/image\/","url":"https:\/\/momentumquiro.com\/wp-content\/uploads\/2024\/10\/Logo-Momentum-Black.svg","contentUrl":"https:\/\/momentumquiro.com\/wp-content\/uploads\/2024\/10\/Logo-Momentum-Black.svg","width":300,"height":100,"caption":"Momentum Quiropr\u00e0ctic Barcelona"},"image":{"@id":"https:\/\/momentumquiro.com\/ca\/#\/schema\/logo\/image\/"},"sameAs":["https:\/\/www.facebook.com\/momentum.quiro","https:\/\/www.instagram.com\/momentum.quiro\/","https:\/\/www.linkedin.com\/company\/momentum-quiropr\u00e0ctic\/","https:\/\/www.youtube.com\/channel\/UCzyd8XILzGyjQ6vjHZruiaQ"]}]}},"_links":{"self":[{"href":"https:\/\/momentumquiro.com\/ca\/wp-json\/wp\/v2\/pages\/5901","targetHints":{"allow":["GET"]}}],"collection":[{"href":"https:\/\/momentumquiro.com\/ca\/wp-json\/wp\/v2\/pages"}],"about":[{"href":"https:\/\/momentumquiro.com\/ca\/wp-json\/wp\/v2\/types\/page"}],"author":[{"embeddable":true,"href":"https:\/\/momentumquiro.com\/ca\/wp-json\/wp\/v2\/users\/3"}],"replies":[{"embeddable":true,"href":"https:\/\/momentumquiro.com\/ca\/wp-json\/wp\/v2\/comments?post=5901"}],"version-history":[{"count":28,"href":"https:\/\/momentumquiro.com\/ca\/wp-json\/wp\/v2\/pages\/5901\/revisions"}],"predecessor-version":[{"id":22799,"href":"https:\/\/momentumquiro.com\/ca\/wp-json\/wp\/v2\/pages\/5901\/revisions\/22799"}],"wp:featuredmedia":[{"embeddable":true,"href":"https:\/\/momentumquiro.com\/ca\/wp-json\/wp\/v2\/media\/10870"}],"wp:attachment":[{"href":"https:\/\/momentumquiro.com\/ca\/wp-json\/wp\/v2\/media?parent=5901"}],"curies":[{"name":"wp","href":"https:\/\/api.w.org\/{rel}","templated":true}]}}