{"id":6124,"date":"2022-06-14T13:37:57","date_gmt":"2022-06-14T13:37:57","guid":{"rendered":"https:\/\/momentumquiro.com\/blog\/"},"modified":"2025-09-02T11:45:41","modified_gmt":"2025-09-02T11:45:41","slug":"blog","status":"publish","type":"page","link":"https:\/\/momentumquiro.com\/ca\/blog\/","title":{"rendered":"Blog"},"content":{"rendered":"\t\t<div data-elementor-type=\"wp-page\" data-elementor-id=\"6124\" class=\"elementor elementor-6124 elementor-2771\" data-elementor-post-type=\"page\">\n\t\t\t\t<div class=\"elementor-element elementor-element-a628737 e-flex e-con-boxed e-con e-parent\" data-id=\"a628737\" data-element_type=\"container\" data-e-type=\"container\">\n\t\t\t\t\t<div class=\"e-con-inner\">\n\t\t\t\t<div class=\"elementor-element elementor-element-0ef41a7 elementor-widget elementor-widget-heading\" data-id=\"0ef41a7\" data-element_type=\"widget\" data-e-type=\"widget\" data-widget_type=\"heading.default\">\n\t\t\t\t<div class=\"elementor-widget-container\">\n\t\t\t\t\t<h1 class=\"elementor-heading-title elementor-size-default\">El Blog de Momentum Quiropr\u00e0ctic<\/h1>\t\t\t\t<\/div>\n\t\t\t\t<\/div>\n\t\t\t\t<div class=\"elementor-element elementor-element-9fbd515 elementor-widget elementor-widget-text-editor\" data-id=\"9fbd515\" data-element_type=\"widget\" data-e-type=\"widget\" data-widget_type=\"text-editor.default\">\n\t\t\t\t<div class=\"elementor-widget-container\">\n\t\t\t\t\t\t\t\t\t<p>Volem inspirar-te i empoderar-te des de la nostra experi\u00e8ncia en la quiropr\u00e0ctica com aconseguir un estil de vida saludable, natural i eficient.<\/p>\n\t\t\t\t\t\t\t\t<\/div>\n\t\t\t\t<\/div>\n\t\t\t\t<div class=\"elementor-element elementor-element-68acf9a elementor-widget-mobile__width-initial elementor-grid-3 elementor-grid-tablet-2 elementor-grid-mobile-1 elementor-posts--thumbnail-top elementor-posts__hover-gradient elementor-widget elementor-widget-posts\" data-id=\"68acf9a\" data-element_type=\"widget\" data-e-type=\"widget\" data-settings=\"{&quot;cards_row_gap&quot;:{&quot;unit&quot;:&quot;px&quot;,&quot;size&quot;:30,&quot;sizes&quot;:[]},&quot;pagination_type&quot;:&quot;load_more_infinite_scroll&quot;,&quot;cards_columns&quot;:&quot;3&quot;,&quot;cards_columns_tablet&quot;:&quot;2&quot;,&quot;cards_columns_mobile&quot;:&quot;1&quot;,&quot;cards_row_gap_tablet&quot;:{&quot;unit&quot;:&quot;px&quot;,&quot;size&quot;:&quot;&quot;,&quot;sizes&quot;:[]},&quot;cards_row_gap_mobile&quot;:{&quot;unit&quot;:&quot;px&quot;,&quot;size&quot;:&quot;&quot;,&quot;sizes&quot;:[]},&quot;load_more_spinner&quot;:{&quot;value&quot;:&quot;fas fa-spinner&quot;,&quot;library&quot;:&quot;fa-solid&quot;}}\" data-widget_type=\"posts.cards\">\n\t\t\t\t<div class=\"elementor-widget-container\">\n\t\t\t\t\t\t\t<div class=\"elementor-posts-container elementor-posts elementor-posts--skin-cards elementor-grid\" role=\"list\">\n\t\t\t\t<article class=\"elementor-post elementor-grid-item post-20426 post type-post status-publish format-standard has-post-thumbnail hentry category-momentum-quiropractic-barcelona-ca\" role=\"listitem\">\n\t\t\t<div class=\"elementor-post__card\">\n\t\t\t\t<a class=\"elementor-post__thumbnail__link\" href=\"https:\/\/momentumquiro.com\/ca\/cruralgia-i-cura-quiropractica-alleujament-i-benestar-a-barcelona\/\" tabindex=\"-1\" ><div class=\"elementor-post__thumbnail\"><img alt=\"\" fetchpriority=\"high\" decoding=\"async\" width=\"300\" height=\"180\" src=\"https:\/\/momentumquiro.com\/wp-content\/uploads\/2025\/06\/cruralgia-300x180.jpg\" class=\"attachment-medium size-medium wp-image-20375\" alt=\"\" srcset=\"https:\/\/momentumquiro.com\/wp-content\/uploads\/2025\/06\/cruralgia-300x180.jpg 300w, https:\/\/momentumquiro.com\/wp-content\/uploads\/2025\/06\/cruralgia-1030x619.jpg 1030w, https:\/\/momentumquiro.com\/wp-content\/uploads\/2025\/06\/cruralgia-768x462.jpg 768w, https:\/\/momentumquiro.com\/wp-content\/uploads\/2025\/06\/cruralgia.jpg 1129w\" sizes=\"(max-width: 300px) 100vw, 300px\" \/><\/div><\/a>\n\t\t\t\t<div class=\"elementor-post__text\">\n\t\t\t\t<h2 class=\"elementor-post__title\">\n\t\t\t<a href=\"https:\/\/momentumquiro.com\/ca\/cruralgia-i-cura-quiropractica-alleujament-i-benestar-a-barcelona\/\" >\n\t\t\t\tCrur\u00e0lgia i cura quiropr\u00e0ctica: alleujament i benestar a Barcelona\t\t\t<\/a>\n\t\t<\/h2>\n\t\t\t\t<div class=\"elementor-post__excerpt\">\n\t\t\t<p>Hi ha moltes persones que pateixen dia a dia amb dolors que no saben que poden ser tractats mitjan\u00e7ant la quiropr\u00e0ctica. Al nostre centre de quiropr\u00e0ctica a Barcelona comptem amb els millors professionals per procurar-te un alleugeriment i benestar immediat en molts dels teus dolors. En aquest article tractarem un<\/p>\n\t\t<\/div>\n\t\t\n\t\t<a class=\"elementor-post__read-more\" href=\"https:\/\/momentumquiro.com\/ca\/cruralgia-i-cura-quiropractica-alleujament-i-benestar-a-barcelona\/\" aria-label=\"Read more about Crur\u00e0lgia i cura quiropr\u00e0ctica: alleujament i benestar a Barcelona\" tabindex=\"-1\" >\n\t\t\tLlegir m\u00e9s \u00bb\t\t<\/a>\n\n\t\t\t\t<\/div>\n\t\t\t\t\t<\/div>\n\t\t<\/article>\n\t\t\t\t<article class=\"elementor-post elementor-grid-item post-20410 post type-post status-publish format-standard has-post-thumbnail hentry category-momentum-quiropractic-barcelona-ca\" role=\"listitem\">\n\t\t\t<div class=\"elementor-post__card\">\n\t\t\t\t<a class=\"elementor-post__thumbnail__link\" href=\"https:\/\/momentumquiro.com\/ca\/quiropractica-i-sistema-immunologic-enforteix-les-defenses\/\" tabindex=\"-1\" ><div class=\"elementor-post__thumbnail\"><img alt=\"\" decoding=\"async\" width=\"200\" height=\"300\" src=\"https:\/\/momentumquiro.com\/wp-content\/uploads\/2025\/06\/quiropractico-revisando-brazo-mujer-200x300.jpg\" class=\"attachment-medium size-medium wp-image-20369\" alt=\"\" srcset=\"https:\/\/momentumquiro.com\/wp-content\/uploads\/2025\/06\/quiropractico-revisando-brazo-mujer-200x300.jpg 200w, https:\/\/momentumquiro.com\/wp-content\/uploads\/2025\/06\/quiropractico-revisando-brazo-mujer.jpg 604w\" sizes=\"(max-width: 200px) 100vw, 200px\" \/><\/div><\/a>\n\t\t\t\t<div class=\"elementor-post__text\">\n\t\t\t\t<h2 class=\"elementor-post__title\">\n\t\t\t<a href=\"https:\/\/momentumquiro.com\/ca\/quiropractica-i-sistema-immunologic-enforteix-les-defenses\/\" >\n\t\t\t\tQuiropr\u00e0ctica i sistema immunol\u00f2gic: enforteix les defenses\t\t\t<\/a>\n\t\t<\/h2>\n\t\t\t\t<div class=\"elementor-post__excerpt\">\n\t\t\t<p>Segur que en pensar en quiropr\u00e0ctica et v\u00e9nen a la ment estirades, nervis pin\u00e7ats o tota mena de dolors que es poden tractar amb els ajustaments quiropr\u00e0ctics . En ess\u00e8ncia, tens ra\u00f3, ja que al nostre centre quiropr\u00e0ctic a Barcelona atenem i ajudem moltes persones que tenen malalties al seu<\/p>\n\t\t<\/div>\n\t\t\n\t\t<a class=\"elementor-post__read-more\" href=\"https:\/\/momentumquiro.com\/ca\/quiropractica-i-sistema-immunologic-enforteix-les-defenses\/\" aria-label=\"Read more about Quiropr\u00e0ctica i sistema immunol\u00f2gic: enforteix les defenses\" tabindex=\"-1\" >\n\t\t\tLlegir m\u00e9s \u00bb\t\t<\/a>\n\n\t\t\t\t<\/div>\n\t\t\t\t\t<\/div>\n\t\t<\/article>\n\t\t\t\t<article class=\"elementor-post elementor-grid-item post-20404 post type-post status-publish format-standard has-post-thumbnail hentry category-momentum-quiropractic-barcelona-ca\" role=\"listitem\">\n\t\t\t<div class=\"elementor-post__card\">\n\t\t\t\t<a class=\"elementor-post__thumbnail__link\" href=\"https:\/\/momentumquiro.com\/ca\/llistesi-lumbar-i-cura-quiropractica-com-et-pot-ajudar\/\" tabindex=\"-1\" ><div class=\"elementor-post__thumbnail\"><img alt=\"\" decoding=\"async\" width=\"300\" height=\"163\" src=\"https:\/\/momentumquiro.com\/wp-content\/uploads\/2025\/06\/dolor-espalda-300x163.jpg\" class=\"attachment-medium size-medium wp-image-20363\" alt=\"\" srcset=\"https:\/\/momentumquiro.com\/wp-content\/uploads\/2025\/06\/dolor-espalda-300x163.jpg 300w, https:\/\/momentumquiro.com\/wp-content\/uploads\/2025\/06\/dolor-espalda-768x418.jpg 768w, https:\/\/momentumquiro.com\/wp-content\/uploads\/2025\/06\/dolor-espalda.jpg 802w\" sizes=\"(max-width: 300px) 100vw, 300px\" \/><\/div><\/a>\n\t\t\t\t<div class=\"elementor-post__text\">\n\t\t\t\t<h2 class=\"elementor-post__title\">\n\t\t\t<a href=\"https:\/\/momentumquiro.com\/ca\/llistesi-lumbar-i-cura-quiropractica-com-et-pot-ajudar\/\" >\n\t\t\t\tLlistesi lumbar i cura quiropr\u00e0ctica: com et pot ajudar?\t\t\t<\/a>\n\t\t<\/h2>\n\t\t\t\t<div class=\"elementor-post__excerpt\">\n\t\t\t<p>Molts pacients acudeixen al nostre centre quiropr\u00e0ctic per buscar ajuda quan pateixen una llisti lumbar. Tant en casos greus com en moderats, el nostre centre quiropr\u00e0ctic a Barcelona pot ajudar-te si pateixes una llisti lumbar . Des del nostre centre, els nostres professionals quiropr\u00e0ctics et poden ajudar a recuperar la<\/p>\n\t\t<\/div>\n\t\t\n\t\t<a class=\"elementor-post__read-more\" href=\"https:\/\/momentumquiro.com\/ca\/llistesi-lumbar-i-cura-quiropractica-com-et-pot-ajudar\/\" aria-label=\"Read more about Llistesi lumbar i cura quiropr\u00e0ctica: com et pot ajudar?\" tabindex=\"-1\" >\n\t\t\tLlegir m\u00e9s \u00bb\t\t<\/a>\n\n\t\t\t\t<\/div>\n\t\t\t\t\t<\/div>\n\t\t<\/article>\n\t\t\t\t<article class=\"elementor-post elementor-grid-item post-20396 post type-post status-publish format-standard has-post-thumbnail hentry category-momentum-quiropractic-barcelona-ca\" role=\"listitem\">\n\t\t\t<div class=\"elementor-post__card\">\n\t\t\t\t<a class=\"elementor-post__thumbnail__link\" href=\"https:\/\/momentumquiro.com\/ca\/lordosi-lumbar-i-cura-quiropractica-alleuja-la-teva-columna\/\" tabindex=\"-1\" ><div class=\"elementor-post__thumbnail\"><img alt=\"\" loading=\"lazy\" decoding=\"async\" width=\"300\" height=\"200\" src=\"https:\/\/momentumquiro.com\/wp-content\/uploads\/2025\/06\/mujer-lordosis-lumbar-300x200.jpg\" class=\"attachment-medium size-medium wp-image-20357\" alt=\"\" srcset=\"https:\/\/momentumquiro.com\/wp-content\/uploads\/2025\/06\/mujer-lordosis-lumbar-300x200.jpg 300w, https:\/\/momentumquiro.com\/wp-content\/uploads\/2025\/06\/mujer-lordosis-lumbar-768x512.jpg 768w, https:\/\/momentumquiro.com\/wp-content\/uploads\/2025\/06\/mujer-lordosis-lumbar.jpg 1030w\" sizes=\"(max-width: 300px) 100vw, 300px\" \/><\/div><\/a>\n\t\t\t\t<div class=\"elementor-post__text\">\n\t\t\t\t<h2 class=\"elementor-post__title\">\n\t\t\t<a href=\"https:\/\/momentumquiro.com\/ca\/lordosi-lumbar-i-cura-quiropractica-alleuja-la-teva-columna\/\" >\n\t\t\t\tLordosi lumbar i cura quiropr\u00e0ctica: alleuja la teva columna\t\t\t<\/a>\n\t\t<\/h2>\n\t\t\t\t<div class=\"elementor-post__excerpt\">\n\t\t\t<p>Un dels problemes amb qu\u00e8 et podem ajudar al nostre centre quiropr\u00e0ctic a Barcelona \u00e9s la lordosi lumbar. Aquesta afecci\u00f3 pot limitar el dia a dia de les persones i tamb\u00e9 ser dolorosa. En aquest article aprendr\u00e0s m\u00e9s sobre la lordosi i com les cures quiropr\u00e0ctics poden ajudar-te . Si<\/p>\n\t\t<\/div>\n\t\t\n\t\t<a class=\"elementor-post__read-more\" href=\"https:\/\/momentumquiro.com\/ca\/lordosi-lumbar-i-cura-quiropractica-alleuja-la-teva-columna\/\" aria-label=\"Read more about Lordosi lumbar i cura quiropr\u00e0ctica: alleuja la teva columna\" tabindex=\"-1\" >\n\t\t\tLlegir m\u00e9s \u00bb\t\t<\/a>\n\n\t\t\t\t<\/div>\n\t\t\t\t\t<\/div>\n\t\t<\/article>\n\t\t\t\t<article class=\"elementor-post elementor-grid-item post-20334 post type-post status-publish format-standard has-post-thumbnail hentry category-momentum-quiropractic-barcelona-ca category-sense-categoria\" role=\"listitem\">\n\t\t\t<div class=\"elementor-post__card\">\n\t\t\t\t<a class=\"elementor-post__thumbnail__link\" href=\"https:\/\/momentumquiro.com\/ca\/ajustament-quiropractic-per-a-dolors-mandibulars\/\" tabindex=\"-1\" ><div class=\"elementor-post__thumbnail\"><img alt=\"\" loading=\"lazy\" decoding=\"async\" width=\"300\" height=\"200\" src=\"https:\/\/momentumquiro.com\/wp-content\/uploads\/2025\/03\/mujer-con-dolor-de-mandibula-300x200.jpg\" class=\"attachment-medium size-medium wp-image-20167\" alt=\"\" srcset=\"https:\/\/momentumquiro.com\/wp-content\/uploads\/2025\/03\/mujer-con-dolor-de-mandibula-300x200.jpg 300w, https:\/\/momentumquiro.com\/wp-content\/uploads\/2025\/03\/mujer-con-dolor-de-mandibula-1030x686.jpg 1030w, https:\/\/momentumquiro.com\/wp-content\/uploads\/2025\/03\/mujer-con-dolor-de-mandibula-768x512.jpg 768w, https:\/\/momentumquiro.com\/wp-content\/uploads\/2025\/03\/mujer-con-dolor-de-mandibula.jpg 1034w\" sizes=\"(max-width: 300px) 100vw, 300px\" \/><\/div><\/a>\n\t\t\t\t<div class=\"elementor-post__text\">\n\t\t\t\t<h2 class=\"elementor-post__title\">\n\t\t\t<a href=\"https:\/\/momentumquiro.com\/ca\/ajustament-quiropractic-per-a-dolors-mandibulars\/\" >\n\t\t\t\tAjustament quiropr\u00e0ctic per a dolors mandibulars\t\t\t<\/a>\n\t\t<\/h2>\n\t\t\t\t<div class=\"elementor-post__excerpt\">\n\t\t\t<p>Tens dolor a la mand\u00edbula? Doncs la quiropr\u00e0ctica us pot ajudar. Al nostre centre quiropr\u00e0ctic a Barcelona som experts a tractar el dolor mandibular mitjan\u00e7ant els ajustaments quiropr\u00e0ctics. Aqu\u00ed comptem amb els millors quiropr\u00e0ctics de Barcelona que et poden ajudar a tractar el teu problema mandibular. Si tens dolor a<\/p>\n\t\t<\/div>\n\t\t\n\t\t<a class=\"elementor-post__read-more\" href=\"https:\/\/momentumquiro.com\/ca\/ajustament-quiropractic-per-a-dolors-mandibulars\/\" aria-label=\"Read more about Ajustament quiropr\u00e0ctic per a dolors mandibulars\" tabindex=\"-1\" >\n\t\t\tLlegir m\u00e9s \u00bb\t\t<\/a>\n\n\t\t\t\t<\/div>\n\t\t\t\t\t<\/div>\n\t\t<\/article>\n\t\t\t\t<article class=\"elementor-post elementor-grid-item post-20333 post type-post status-publish format-standard has-post-thumbnail hentry category-momentum-quiropractic-barcelona-ca category-sense-categoria\" role=\"listitem\">\n\t\t\t<div class=\"elementor-post__card\">\n\t\t\t\t<a class=\"elementor-post__thumbnail__link\" href=\"https:\/\/momentumquiro.com\/ca\/redueix-lestres-amb-quiropractica-equilibri-pel-teu-benestar\/\" tabindex=\"-1\" ><div class=\"elementor-post__thumbnail\"><img alt=\"\" loading=\"lazy\" decoding=\"async\" width=\"300\" height=\"157\" src=\"https:\/\/momentumquiro.com\/wp-content\/uploads\/2025\/03\/palabra-estres-escrita-en-pizarra-300x157.jpg\" class=\"attachment-medium size-medium wp-image-20179\" alt=\"\" srcset=\"https:\/\/momentumquiro.com\/wp-content\/uploads\/2025\/03\/palabra-estres-escrita-en-pizarra-300x157.jpg 300w, https:\/\/momentumquiro.com\/wp-content\/uploads\/2025\/03\/palabra-estres-escrita-en-pizarra.jpg 768w\" sizes=\"(max-width: 300px) 100vw, 300px\" \/><\/div><\/a>\n\t\t\t\t<div class=\"elementor-post__text\">\n\t\t\t\t<h2 class=\"elementor-post__title\">\n\t\t\t<a href=\"https:\/\/momentumquiro.com\/ca\/redueix-lestres-amb-quiropractica-equilibri-pel-teu-benestar\/\" >\n\t\t\t\tRedueix l&#8217;estr\u00e8s amb quiropr\u00e0ctica: equilibri pel teu benestar\t\t\t<\/a>\n\t\t<\/h2>\n\t\t\t\t<div class=\"elementor-post__excerpt\">\n\t\t\t<p>L&#8217;estr\u00e8s \u00e9s un dels problemes m\u00e9s habituals que pateixen avui dia les persones. A causa de problemes econ\u00f2mics, assumptes familiars, elevat ritme de vida , problemes a la feina\u2026 S\u00f3n moltes les situacions que poden provocar estr\u00e8s al llarg del dia a la persona i, si no es tracta, aix\u00f2<\/p>\n\t\t<\/div>\n\t\t\n\t\t<a class=\"elementor-post__read-more\" href=\"https:\/\/momentumquiro.com\/ca\/redueix-lestres-amb-quiropractica-equilibri-pel-teu-benestar\/\" aria-label=\"Read more about Redueix l&#8217;estr\u00e8s amb quiropr\u00e0ctica: equilibri pel teu benestar\" tabindex=\"-1\" >\n\t\t\tLlegir m\u00e9s \u00bb\t\t<\/a>\n\n\t\t\t\t<\/div>\n\t\t\t\t\t<\/div>\n\t\t<\/article>\n\t\t\t\t<\/div>\n\t\t\t\t\t<span class=\"e-load-more-spinner\">\n\t\t\t\t<svg aria-hidden=\"true\" class=\"e-font-icon-svg e-fas-spinner\" viewBox=\"0 0 512 512\" xmlns=\"http:\/\/www.w3.org\/2000\/svg\"><path d=\"M304 48c0 26.51-21.49 48-48 48s-48-21.49-48-48 21.49-48 48-48 48 21.49 48 48zm-48 368c-26.51 0-48 21.49-48 48s21.49 48 48 48 48-21.49 48-48-21.49-48-48-48zm208-208c-26.51 0-48 21.49-48 48s21.49 48 48 48 48-21.49 48-48-21.49-48-48-48zM96 256c0-26.51-21.49-48-48-48S0 229.49 0 256s21.49 48 48 48 48-21.49 48-48zm12.922 99.078c-26.51 0-48 21.49-48 48s21.49 48 48 48 48-21.49 48-48c0-26.509-21.491-48-48-48zm294.156 0c-26.51 0-48 21.49-48 48s21.49 48 48 48 48-21.49 48-48c0-26.509-21.49-48-48-48zM108.922 60.922c-26.51 0-48 21.49-48 48s21.49 48 48 48 48-21.49 48-48-21.491-48-48-48z\"><\/path><\/svg>\t\t\t<\/span>\n\t\t\n\t\t\t\t<div class=\"e-load-more-anchor\" data-page=\"1\" data-max-page=\"6\" data-next-page=\"https:\/\/momentumquiro.com\/ca\/wp-json\/wp\/v2\/pages\/6124\/page\/2\/\"><\/div>\n\t\t\t\t<div class=\"e-load-more-message\"><\/div>\n\t\t\t\t\t\t<\/div>\n\t\t\t\t<\/div>\n\t\t\t\t\t<\/div>\n\t\t\t\t<\/div>\n\t\t\t\t<\/div>\n\t\t","protected":false},"excerpt":{"rendered":"<p>Som doctors en quiropr\u00e0ctica a Momentum Quiropr\u00e0ctic. Inspirem amb la quiropr\u00e0ctica com aconseguir un estil de vida saludable.  T&#8217;uneixes a la nostra comunitat?<\/p>\n","protected":false},"author":1,"featured_media":6130,"parent":0,"menu_order":0,"comment_status":"closed","ping_status":"closed","template":"elementor_header_footer","meta":{"_seopress_robots_primary_cat":"","_seopress_titles_title":"Blog quiropr\u00e0ctica - Momentum Quiropr\u00e0ctic Barcelona","_seopress_titles_desc":"Som doctors en quiropr\u00e0ctica a Momentum Quiropr\u00e0ctic a Barcelona. Inspirem amb la quiropr\u00e0ctica com aconseguir un estil de vida saludable. ","_seopress_robots_index":"","om_disable_all_campaigns":false,"_monsterinsights_skip_tracking":false,"_monsterinsights_sitenote_active":false,"_monsterinsights_sitenote_note":"","_monsterinsights_sitenote_category":0,"_uf_show_specific_survey":0,"_uf_disable_surveys":false,"footnotes":""},"class_list":["post-6124","page","type-page","status-publish","has-post-thumbnail","hentry"],"_links":{"self":[{"href":"https:\/\/momentumquiro.com\/ca\/wp-json\/wp\/v2\/pages\/6124","targetHints":{"allow":["GET"]}}],"collection":[{"href":"https:\/\/momentumquiro.com\/ca\/wp-json\/wp\/v2\/pages"}],"about":[{"href":"https:\/\/momentumquiro.com\/ca\/wp-json\/wp\/v2\/types\/page"}],"author":[{"embeddable":true,"href":"https:\/\/momentumquiro.com\/ca\/wp-json\/wp\/v2\/users\/1"}],"replies":[{"embeddable":true,"href":"https:\/\/momentumquiro.com\/ca\/wp-json\/wp\/v2\/comments?post=6124"}],"version-history":[{"count":33,"href":"https:\/\/momentumquiro.com\/ca\/wp-json\/wp\/v2\/pages\/6124\/revisions"}],"predecessor-version":[{"id":22493,"href":"https:\/\/momentumquiro.com\/ca\/wp-json\/wp\/v2\/pages\/6124\/revisions\/22493"}],"wp:featuredmedia":[{"embeddable":true,"href":"https:\/\/momentumquiro.com\/ca\/wp-json\/wp\/v2\/media\/6130"}],"wp:attachment":[{"href":"https:\/\/momentumquiro.com\/ca\/wp-json\/wp\/v2\/media?parent=6124"}],"curies":[{"name":"wp","href":"https:\/\/api.w.org\/{rel}","templated":true}]}}