{"id":14170,"date":"2024-11-15T09:42:45","date_gmt":"2024-11-15T09:42:45","guid":{"rendered":"https:\/\/momentumquiro.com\/a-propos-de-nous\/"},"modified":"2026-01-09T15:03:43","modified_gmt":"2026-01-09T15:03:43","slug":"a-propos-de-nous","status":"publish","type":"page","link":"https:\/\/momentumquiro.com\/fr\/a-propos-de-nous\/","title":{"rendered":"A propos de nous"},"content":{"rendered":"\t\t<div data-elementor-type=\"wp-page\" data-elementor-id=\"14170\" class=\"elementor elementor-14170 elementor-154\" data-elementor-post-type=\"page\">\n\t\t\t\t<div class=\"elementor-element elementor-element-4a0aa8a2 e-flex e-con-boxed e-con e-parent\" data-id=\"4a0aa8a2\" data-element_type=\"container\" data-e-type=\"container\" data-settings=\"{&quot;background_background&quot;:&quot;classic&quot;}\">\n\t\t\t\t\t<div class=\"e-con-inner\">\n\t\t<div class=\"elementor-element elementor-element-a1aedd1 e-con-full e-flex e-con e-child\" data-id=\"a1aedd1\" data-element_type=\"container\" data-e-type=\"container\">\n\t\t\t\t<div class=\"elementor-element elementor-element-6b20f239 elementor-widget__width-initial elementor-widget elementor-widget-heading\" data-id=\"6b20f239\" data-element_type=\"widget\" data-e-type=\"widget\" data-widget_type=\"heading.default\">\n\t\t\t\t<div class=\"elementor-widget-container\">\n\t\t\t\t\t<h1 class=\"elementor-heading-title elementor-size-default\">Centre de chiropraxie et de bien-\u00eatre de premier ordre \u00e0 Barcelone<br><\/h1>\t\t\t\t<\/div>\n\t\t\t\t<\/div>\n\t\t\t\t<div class=\"elementor-element elementor-element-381d6c4d elementor-widget__width-initial elementor-widget elementor-widget-text-editor\" data-id=\"381d6c4d\" data-element_type=\"widget\" data-e-type=\"widget\" data-widget_type=\"text-editor.default\">\n\t\t\t\t<div class=\"elementor-widget-container\">\n\t\t\t\t\t\t\t\t\t<p>Notre mission est de lib\u00e9rer le <strong>plein potentiel<\/strong> des individus tr\u00e8s performants &#8211; PDG<strong>, athl\u00e8tes et entrepreneurs &#8211; en fournissant des<\/strong> <strong>soins chiropratiques de classe mondiale<\/strong> bas\u00e9s sur l&rsquo;<strong>excellence, l&rsquo;innovation et l&rsquo;int\u00e9grit\u00e9. <\/strong> <\/p>\n<p>Gr\u00e2ce \u00e0 une <strong>approche de pointe, \u00e0 une formation continue et \u00e0 des ajustements personnalis\u00e9s<\/strong>, nous donnons \u00e0 nos patients les moyens <strong>d&rsquo;atteindre une sant\u00e9 optimale<\/strong> et de vivre au mieux de leur forme.<\/p>\n<p>Nous nous engageons \u00e0 offrir <strong>une exp\u00e9rience unique<\/strong>, de classe mondiale, qui favorise le <strong>bien-\u00eatre \u00e0 long terme<\/strong> et inspire les g\u00e9n\u00e9rations futures.<\/p>\n\t\t\t\t\t\t\t\t<\/div>\n\t\t\t\t<\/div>\n\t\t\t\t<div class=\"elementor-element elementor-element-a9e7b34 elementor-align-center elementor-mobile-align-center elementor-button-success elementor-widget__width-initial elementor-widget elementor-widget-button\" data-id=\"a9e7b34\" data-element_type=\"widget\" data-e-type=\"widget\" data-widget_type=\"button.default\">\n\t\t\t\t<div class=\"elementor-widget-container\">\n\t\t\t\t\t\t\t\t\t<div class=\"elementor-button-wrapper\">\n\t\t\t\t\t<a class=\"elementor-button elementor-button-link elementor-size-sm\" href=\"https:\/\/momentumquiro.com\/fr\/lequipe\/\">\n\t\t\t\t\t\t<span class=\"elementor-button-content-wrapper\">\n\t\t\t\t\t\t\t\t\t<span class=\"elementor-button-text\">Rencontrez l'\u00e9quipe<\/span>\n\t\t\t\t\t<\/span>\n\t\t\t\t\t<\/a>\n\t\t\t\t<\/div>\n\t\t\t\t\t\t\t\t<\/div>\n\t\t\t\t<\/div>\n\t\t\t\t<\/div>\n\t\t\t\t\t<\/div>\n\t\t\t\t<\/div>\n\t\t<div class=\"elementor-element elementor-element-580305d3 e-flex e-con-boxed e-con e-parent\" data-id=\"580305d3\" data-element_type=\"container\" data-e-type=\"container\">\n\t\t\t\t\t<div class=\"e-con-inner\">\n\t\t<div class=\"elementor-element elementor-element-8a4f559 e-con-full e-flex e-con e-child\" data-id=\"8a4f559\" data-element_type=\"container\" data-e-type=\"container\">\n\t\t\t\t<div class=\"elementor-element elementor-element-6c500e93 elementor-widget elementor-widget-video\" data-id=\"6c500e93\" data-element_type=\"widget\" data-e-type=\"widget\" data-settings=\"{&quot;youtube_url&quot;:&quot;https:\\\/\\\/www.youtube.com\\\/watch?v=gyUPQtGzuYs&amp;t=117s&quot;,&quot;show_image_overlay&quot;:&quot;yes&quot;,&quot;image_overlay&quot;:{&quot;url&quot;:&quot;https:\\\/\\\/momentumquiro.com\\\/wp-content\\\/uploads\\\/2024\\\/10\\\/Momentum-Video-Corporativo-Quiropractica-Thumbnail.png&quot;,&quot;id&quot;:10466,&quot;size&quot;:&quot;&quot;,&quot;alt&quot;:&quot;&quot;,&quot;source&quot;:&quot;library&quot;},&quot;start&quot;:71,&quot;video_type&quot;:&quot;youtube&quot;,&quot;controls&quot;:&quot;yes&quot;}\" data-widget_type=\"video.default\">\n\t\t\t\t<div class=\"elementor-widget-container\">\n\t\t\t\t\t\t\t<div class=\"elementor-wrapper elementor-open-inline\">\n\t\t\t<div class=\"elementor-video\"><\/div>\t\t\t\t<div class=\"elementor-custom-embed-image-overlay\" style=\"background-image: url(https:\/\/momentumquiro.com\/wp-content\/uploads\/2024\/10\/Momentum-Video-Corporativo-Quiropractica-Thumbnail.png);\">\n\t\t\t\t\t\t\t\t\t\t\t\t\t\t\t\t<div class=\"elementor-custom-embed-play\" role=\"button\" aria-label=\"Lire la vid\u00e9o\" tabindex=\"0\">\n\t\t\t\t\t\t\t<svg aria-hidden=\"true\" class=\"e-font-icon-svg e-eicon-play\" viewBox=\"0 0 1000 1000\" xmlns=\"http:\/\/www.w3.org\/2000\/svg\"><path d=\"M838 162C746 71 633 25 500 25 371 25 258 71 163 162 71 254 25 367 25 500 25 633 71 746 163 837 254 929 367 979 500 979 633 979 746 933 838 837 929 746 975 633 975 500 975 367 929 254 838 162M808 192C892 279 933 379 933 500 933 621 892 725 808 808 725 892 621 938 500 938 379 938 279 896 196 808 113 725 67 621 67 500 67 379 108 279 196 192 279 108 383 62 500 62 621 62 721 108 808 192M438 392V642L642 517 438 392Z\"><\/path><\/svg>\t\t\t\t\t\t<\/div>\n\t\t\t\t\t\t\t\t\t<\/div>\n\t\t\t\t\t<\/div>\n\t\t\t\t\t\t<\/div>\n\t\t\t\t<\/div>\n\t\t\t\t<\/div>\n\t\t\t\t\t<\/div>\n\t\t\t\t<\/div>\n\t\t<div class=\"elementor-element elementor-element-590d7f4e e-flex e-con-boxed e-con e-parent\" data-id=\"590d7f4e\" data-element_type=\"container\" data-e-type=\"container\" data-settings=\"{&quot;background_background&quot;:&quot;classic&quot;}\">\n\t\t\t\t\t<div class=\"e-con-inner\">\n\t\t\t\t<div class=\"elementor-element elementor-element-711aba63 elementor-widget-mobile__width-initial elementor-widget elementor-widget-heading\" data-id=\"711aba63\" data-element_type=\"widget\" data-e-type=\"widget\" data-widget_type=\"heading.default\">\n\t\t\t\t<div class=\"elementor-widget-container\">\n\t\t\t\t\t<h2 class=\"elementor-heading-title elementor-size-default\">VOTRE \u00c9LAN EST NOTRE \u00c9LAN<\/h2>\t\t\t\t<\/div>\n\t\t\t\t<\/div>\n\t\t\t\t<div class=\"elementor-element elementor-element-784ec4b elementor-widget elementor-widget-spacer\" data-id=\"784ec4b\" data-element_type=\"widget\" data-e-type=\"widget\" data-widget_type=\"spacer.default\">\n\t\t\t\t<div class=\"elementor-widget-container\">\n\t\t\t\t\t\t\t<div class=\"elementor-spacer\">\n\t\t\t<div class=\"elementor-spacer-inner\"><\/div>\n\t\t<\/div>\n\t\t\t\t\t\t<\/div>\n\t\t\t\t<\/div>\n\t\t\t\t<div class=\"elementor-element elementor-element-53dbe0d1 elementor-widget__width-auto elementor-widget-tablet__width-initial elementor-widget-mobile__width-initial elementor-widget elementor-widget-text-editor\" data-id=\"53dbe0d1\" data-element_type=\"widget\" data-e-type=\"widget\" data-widget_type=\"text-editor.default\">\n\t\t\t\t<div class=\"elementor-widget-container\">\n\t\t\t\t\t\t\t\t\t<p>En latin, <i>Momentum<\/i> signifie \u00ab\u00a0mouvement\u00a0\u00bb et <strong>le mouvement, c&rsquo;est la vie.<\/strong> Cependant, le concept de <i>Momentum<\/i> va plus loin.<\/p>\n<p>Pour nous, le <i>Momentum<\/i> repr\u00e9sente l&rsquo;inertie transmise par le <strong>mouvement d&rsquo;un ajustement chiropratique<\/strong>, int\u00e9gr\u00e9e par le corps comme une force constructive, qui permet \u00e0 l&rsquo;organisme d&rsquo;amplifier le processus de gu\u00e9rison et d&rsquo;<strong>optimiser les performances physiques et mentales<\/strong>; d\u00e9couvrant ainsi la meilleure version inn\u00e9e de soi-m\u00eame.  <\/p>\n<p>Momentum a \u00e9t\u00e9 cr\u00e9\u00e9 en tant que <strong>communaut\u00e9<\/strong> partageant un <strong>mode de vie sain, naturel et ambitieux.<\/strong><\/p><\/p>\n\t\t\t\t\t\t\t\t<\/div>\n\t\t\t\t<\/div>\n\t\t\t\t\t<\/div>\n\t\t\t\t<\/div>\n\t\t<div class=\"elementor-element elementor-element-38500052 e-con-full e-flex e-con e-parent\" data-id=\"38500052\" data-element_type=\"container\" data-e-type=\"container\">\n\t\t<div class=\"elementor-element elementor-element-2bba9f4c e-con-full e-flex e-con e-child\" data-id=\"2bba9f4c\" data-element_type=\"container\" data-e-type=\"container\">\n\t\t\t\t<div class=\"elementor-element elementor-element-5fa71053 elementor-widget elementor-widget-heading\" data-id=\"5fa71053\" data-element_type=\"widget\" data-e-type=\"widget\" data-widget_type=\"heading.default\">\n\t\t\t\t<div class=\"elementor-widget-container\">\n\t\t\t\t\t<h2 class=\"elementor-heading-title elementor-size-default\">AIDER ET SOIGNER<\/h2>\t\t\t\t<\/div>\n\t\t\t\t<\/div>\n\t\t\t\t<div class=\"elementor-element elementor-element-5f18feee elementor-widget elementor-widget-heading\" data-id=\"5f18feee\" data-element_type=\"widget\" data-e-type=\"widget\" data-widget_type=\"heading.default\">\n\t\t\t\t<div class=\"elementor-widget-container\">\n\t\t\t\t\t<h3 class=\"elementor-heading-title elementor-size-default\">Une valeur de la chiropratique et de Momentum Quiropr\u00e0ctic<\/h3>\t\t\t\t<\/div>\n\t\t\t\t<\/div>\n\t\t\t\t<div class=\"elementor-element elementor-element-28d670bc elementor-widget__width-initial elementor-widget elementor-widget-text-editor\" data-id=\"28d670bc\" data-element_type=\"widget\" data-e-type=\"widget\" data-widget_type=\"text-editor.default\">\n\t\t\t\t<div class=\"elementor-widget-container\">\n\t\t\t\t\t\t\t\t\t<p><strong>La chiropraxie a commenc\u00e9 par \u00eatre notre profession et est devenue notre mission.  <\/strong><\/p>\n<p>Notre vision est de vivre dans un monde plus sain, plus durable et plus heureux. C&rsquo;est pourquoi nous aimons nous impliquer dans des missions d&rsquo;aide au tiers-monde.   <\/p>\n<p>H<span style=\"letter-spacing: 0px; word-spacing: 0em; background-color: var( --e-global-color-primary );\">ous avons voyag\u00e9 <strong>en Ha\u00efti, en R\u00e9publique dominicaine et en Inde pour ajuster des milliers de personnes<\/strong> et voir des miracles de gu\u00e9rison entre nos mains. Cela nous remplit le c\u0153ur de pouvoir ajuster chaque personne qui croise notre chemin.   <\/span><\/p>\n<p>Ici, \u00e0 Barcelone, nous <strong>nous engageons \u00e0 prendre soin du peuple catalan <\/strong>et \u00e0 lui donner les moyens d&rsquo;agir, ainsi qu&rsquo;\u00e0 tous ceux qui appr\u00e9cient la vie dans cette ville cosmopolite et internationale qu&rsquo;est Barcelone. <\/p>\n\t\t\t\t\t\t\t\t<\/div>\n\t\t\t\t<\/div>\n\t\t\t\t<\/div>\n\t\t<div class=\"elementor-element elementor-element-4c9547f3 e-con-full e-flex e-con e-child\" data-id=\"4c9547f3\" data-element_type=\"container\" data-e-type=\"container\">\n\t\t\t\t<div class=\"elementor-element elementor-element-1f549fd8 elementor-pagination-position-inside elementor-skin-carousel elementor-arrows-yes elementor-pagination-type-bullets elementor-widget elementor-widget-media-carousel\" data-id=\"1f549fd8\" data-element_type=\"widget\" data-e-type=\"widget\" data-settings=\"{&quot;effect&quot;:&quot;fade&quot;,&quot;space_between&quot;:{&quot;unit&quot;:&quot;px&quot;,&quot;size&quot;:5,&quot;sizes&quot;:[]},&quot;skin&quot;:&quot;carousel&quot;,&quot;show_arrows&quot;:&quot;yes&quot;,&quot;pagination&quot;:&quot;bullets&quot;,&quot;speed&quot;:500,&quot;autoplay&quot;:&quot;yes&quot;,&quot;autoplay_speed&quot;:5000,&quot;loop&quot;:&quot;yes&quot;,&quot;pause_on_hover&quot;:&quot;yes&quot;,&quot;pause_on_interaction&quot;:&quot;yes&quot;,&quot;space_between_tablet&quot;:{&quot;unit&quot;:&quot;px&quot;,&quot;size&quot;:10,&quot;sizes&quot;:[]},&quot;space_between_mobile&quot;:{&quot;unit&quot;:&quot;px&quot;,&quot;size&quot;:10,&quot;sizes&quot;:[]}}\" data-widget_type=\"media-carousel.default\">\n\t\t\t\t<div class=\"elementor-widget-container\">\n\t\t\t\t\t\t\t\t\t<div class=\"elementor-swiper\">\n\t\t\t\t\t<div class=\"elementor-main-swiper swiper\" role=\"region\" aria-roledescription=\"carousel\" aria-label=\"Diapositivas\">\n\t\t\t\t<div class=\"swiper-wrapper\">\n\t\t\t\t\t\t\t\t\t\t\t<div class=\"swiper-slide\" role=\"group\" aria-roledescription=\"slide\">\n\t\t\t\t\t\t\t\t\t<div class=\"elementor-carousel-image\" role=\"img\" aria-label=\"Misi\u00f3n India Quiropractica Momentum\" style=\"background-image: url(&#039;https:\/\/momentumquiro.com\/wp-content\/uploads\/2024\/11\/IMG_2064_Original-scaled-e1732389043631.jpg&#039;)\">\n\n\t\t\t\n\t\t\t\t\t<\/div>\n\t\t\t\t\t\t\t\t<\/div>\n\t\t\t\t\t\t\t\t\t\t\t<div class=\"swiper-slide\" role=\"group\" aria-roledescription=\"slide\">\n\t\t\t\t\t\t\t\t\t<div class=\"elementor-carousel-image\" role=\"img\" aria-label=\"Mision Humanitaria Momentum\" style=\"background-image: url(&#039;https:\/\/momentumquiro.com\/wp-content\/uploads\/2024\/11\/Mision-Humanitaria-Momentum.webp&#039;)\">\n\n\t\t\t\n\t\t\t\t\t<\/div>\n\t\t\t\t\t\t\t\t<\/div>\n\t\t\t\t\t\t\t\t\t\t\t<div class=\"swiper-slide\" role=\"group\" aria-roledescription=\"slide\">\n\t\t\t\t\t\t\t\t\t<div class=\"elementor-carousel-image\" role=\"img\" aria-label=\"Momentum Quiropractic Valores\" style=\"background-image: url(&#039;https:\/\/momentumquiro.com\/wp-content\/uploads\/2024\/11\/Momentum-Quiropractic-Valores.jpg&#039;)\">\n\n\t\t\t\n\t\t\t\t\t<\/div>\n\t\t\t\t\t\t\t\t<\/div>\n\t\t\t\t\t\t\t\t\t\t\t<div class=\"swiper-slide\" role=\"group\" aria-roledescription=\"slide\">\n\t\t\t\t\t\t\t\t\t<div class=\"elementor-carousel-image\" role=\"img\" aria-label=\"Momentum Quiropractic Valores Quiropractica\" style=\"background-image: url(&#039;https:\/\/momentumquiro.com\/wp-content\/uploads\/2024\/11\/Momentum-Quiropractic-Valores-Quiropractica-scaled.jpg&#039;)\">\n\n\t\t\t\n\t\t\t\t\t<\/div>\n\t\t\t\t\t\t\t\t<\/div>\n\t\t\t\t\t\t\t\t\t\t\t<div class=\"swiper-slide\" role=\"group\" aria-roledescription=\"slide\">\n\t\t\t\t\t\t\t\t\t<div class=\"elementor-carousel-image\" role=\"img\" aria-label=\"Captura1\" style=\"background-image: url(&#039;https:\/\/momentumquiro.com\/wp-content\/uploads\/2020\/09\/Captura1.png&#039;)\">\n\n\t\t\t\n\t\t\t\t\t<\/div>\n\t\t\t\t\t\t\t\t<\/div>\n\t\t\t\t\t\t\t\t\t<\/div>\n\t\t\t\t\t\t\t\t\t\t\t\t\t\t\t<div class=\"elementor-swiper-button elementor-swiper-button-prev\" role=\"button\" tabindex=\"0\" aria-label=\"Pr\u00e9c\u00e9dent\">\n\t\t\t\t\t\t\t<svg aria-hidden=\"true\" class=\"e-font-icon-svg e-eicon-chevron-left\" viewBox=\"0 0 1000 1000\" xmlns=\"http:\/\/www.w3.org\/2000\/svg\"><path d=\"M646 125C629 125 613 133 604 142L308 442C296 454 292 471 292 487 292 504 296 521 308 533L604 854C617 867 629 875 646 875 663 875 679 871 692 858 704 846 713 829 713 812 713 796 708 779 692 767L438 487 692 225C700 217 708 204 708 187 708 171 704 154 692 142 675 129 663 125 646 125Z\"><\/path><\/svg>\t\t\t\t\t\t<\/div>\n\t\t\t\t\t\t<div class=\"elementor-swiper-button elementor-swiper-button-next\" role=\"button\" tabindex=\"0\" aria-label=\"Suivant\">\n\t\t\t\t\t\t\t<svg aria-hidden=\"true\" class=\"e-font-icon-svg e-eicon-chevron-right\" viewBox=\"0 0 1000 1000\" xmlns=\"http:\/\/www.w3.org\/2000\/svg\"><path d=\"M696 533C708 521 713 504 713 487 713 471 708 454 696 446L400 146C388 133 375 125 354 125 338 125 325 129 313 142 300 154 292 171 292 187 292 204 296 221 308 233L563 492 304 771C292 783 288 800 288 817 288 833 296 850 308 863 321 871 338 875 354 875 371 875 388 867 400 854L696 533Z\"><\/path><\/svg>\t\t\t\t\t\t<\/div>\n\t\t\t\t\t\t\t\t\t\t\t\t\t\t\t\t<div class=\"swiper-pagination\"><\/div>\n\t\t\t\t\t\t\t\t\t\t\t\t<\/div>\n\t\t\t\t<\/div>\n\t\t\t\t\t\t\t\t<\/div>\n\t\t\t\t<\/div>\n\t\t\t\t<\/div>\n\t\t\t\t<\/div>\n\t\t\t\t<\/div>\n\t\t","protected":false},"excerpt":{"rendered":"<p>D\u00e9couvrez notre mission en mati\u00e8re de chiropraxie au centre Momentum Quiropr\u00e0ctic de Barcelone.<\/p>\n","protected":false},"author":1,"featured_media":0,"parent":0,"menu_order":0,"comment_status":"closed","ping_status":"open","template":"elementor_header_footer","meta":{"_seopress_robots_primary_cat":"","_seopress_titles_title":"%%title%% %%page%% %%sep%% %%sitename%%","_seopress_titles_desc":"D\u00e9couvrez notre approche holistique de la chiropraxie pour votre bien-\u00eatre au centre Momentum Quiropr\u00e0ctic de Barcelone.","_seopress_robots_index":"","om_disable_all_campaigns":false,"_monsterinsights_skip_tracking":false,"_monsterinsights_sitenote_active":false,"_monsterinsights_sitenote_note":"","_monsterinsights_sitenote_category":0,"_uf_show_specific_survey":0,"_uf_disable_surveys":false,"footnotes":""},"class_list":["post-14170","page","type-page","status-publish","hentry"],"yoast_head":"<!-- This site is optimized with the Yoast SEO plugin v27.3 - https:\/\/yoast.com\/product\/yoast-seo-wordpress\/ -->\n<title>A propos de nous - Momentum Quiropr\u00e0ctic<\/title>\n<meta name=\"description\" content=\"D\u00e9couvrez notre approche holistique de la chiropraxie pour votre bien-\u00eatre au centre Momentum Quiropr\u00e0ctic de Barcelone.\" \/>\n<meta name=\"robots\" content=\"index, follow, max-snippet:-1, max-image-preview:large, max-video-preview:-1\" \/>\n<link rel=\"canonical\" href=\"https:\/\/momentumquiro.com\/fr\/a-propos-de-nous\/\" \/>\n<meta property=\"og:locale\" content=\"fr_FR\" \/>\n<meta property=\"og:type\" content=\"article\" \/>\n<meta property=\"og:title\" content=\"A propos de nous | Momentum Quiropr\u00e0ctic\" \/>\n<meta property=\"og:description\" content=\"D\u00e9couvrez notre mission en mati\u00e8re de chiropraxie au centre Momentum Quiropr\u00e0ctic de Barcelone.\" \/>\n<meta property=\"og:url\" content=\"https:\/\/momentumquiro.com\/fr\/a-propos-de-nous\/\" \/>\n<meta property=\"og:site_name\" content=\"Momentum Quiropr\u00e0ctic\" \/>\n<meta property=\"article:publisher\" content=\"https:\/\/www.facebook.com\/momentum.quiro\" \/>\n<meta property=\"article:modified_time\" content=\"2026-01-09T15:03:43+00:00\" \/>\n<meta property=\"og:image\" content=\"https:\/\/momentumquiro.com\/wp-content\/uploads\/2024\/10\/Mision-Momentum-Quiropractic-Centro-Barcelona-1030x579.png\" \/>\n<meta name=\"twitter:card\" content=\"summary_large_image\" \/>\n<meta name=\"twitter:label1\" content=\"Dur\u00e9e de lecture estim\u00e9e\" \/>\n\t<meta name=\"twitter:data1\" content=\"5 minutes\" \/>\n<script type=\"application\/ld+json\" class=\"yoast-schema-graph\">{\"@context\":\"https:\\\/\\\/schema.org\",\"@graph\":[{\"@type\":\"WebPage\",\"@id\":\"https:\\\/\\\/momentumquiro.com\\\/fr\\\/a-propos-de-nous\\\/\",\"url\":\"https:\\\/\\\/momentumquiro.com\\\/fr\\\/a-propos-de-nous\\\/\",\"name\":\"A propos de nous - Momentum Quiropr\u00e0ctic\",\"isPartOf\":{\"@id\":\"https:\\\/\\\/momentumquiro.com\\\/fr\\\/#website\"},\"datePublished\":\"2024-11-15T09:42:45+00:00\",\"dateModified\":\"2026-01-09T15:03:43+00:00\",\"description\":\"D\u00e9couvrez notre approche holistique de la chiropraxie pour votre bien-\u00eatre au centre Momentum Quiropr\u00e0ctic de Barcelone.\",\"breadcrumb\":{\"@id\":\"https:\\\/\\\/momentumquiro.com\\\/fr\\\/a-propos-de-nous\\\/#breadcrumb\"},\"inLanguage\":\"fr-FR\",\"potentialAction\":[{\"@type\":\"ReadAction\",\"target\":[\"https:\\\/\\\/momentumquiro.com\\\/fr\\\/a-propos-de-nous\\\/\"]}]},{\"@type\":\"BreadcrumbList\",\"@id\":\"https:\\\/\\\/momentumquiro.com\\\/fr\\\/a-propos-de-nous\\\/#breadcrumb\",\"itemListElement\":[{\"@type\":\"ListItem\",\"position\":1,\"name\":\"Home\",\"item\":\"https:\\\/\\\/momentumquiro.com\\\/fr\\\/\"},{\"@type\":\"ListItem\",\"position\":2,\"name\":\"A propos de nous\"}]},{\"@type\":\"WebSite\",\"@id\":\"https:\\\/\\\/momentumquiro.com\\\/fr\\\/#website\",\"url\":\"https:\\\/\\\/momentumquiro.com\\\/fr\\\/\",\"name\":\"Momentum Quiropr\u00e0ctic\",\"description\":\"Centro premium quiropr\u00e1ctico Barcelona\",\"publisher\":{\"@id\":\"https:\\\/\\\/momentumquiro.com\\\/fr\\\/#organization\"},\"alternateName\":\"Momentum Quiropractic\",\"potentialAction\":[{\"@type\":\"SearchAction\",\"target\":{\"@type\":\"EntryPoint\",\"urlTemplate\":\"https:\\\/\\\/momentumquiro.com\\\/fr\\\/?s={search_term_string}\"},\"query-input\":{\"@type\":\"PropertyValueSpecification\",\"valueRequired\":true,\"valueName\":\"search_term_string\"}}],\"inLanguage\":\"fr-FR\"},{\"@type\":\"Organization\",\"@id\":\"https:\\\/\\\/momentumquiro.com\\\/fr\\\/#organization\",\"name\":\"Momentum Quiropr\u00e0ctic Barcelona\",\"url\":\"https:\\\/\\\/momentumquiro.com\\\/fr\\\/\",\"logo\":{\"@type\":\"ImageObject\",\"inLanguage\":\"fr-FR\",\"@id\":\"https:\\\/\\\/momentumquiro.com\\\/fr\\\/#\\\/schema\\\/logo\\\/image\\\/\",\"url\":\"https:\\\/\\\/momentumquiro.com\\\/wp-content\\\/uploads\\\/2024\\\/10\\\/Logo-Momentum-Black.svg\",\"contentUrl\":\"https:\\\/\\\/momentumquiro.com\\\/wp-content\\\/uploads\\\/2024\\\/10\\\/Logo-Momentum-Black.svg\",\"width\":300,\"height\":100,\"caption\":\"Momentum Quiropr\u00e0ctic Barcelona\"},\"image\":{\"@id\":\"https:\\\/\\\/momentumquiro.com\\\/fr\\\/#\\\/schema\\\/logo\\\/image\\\/\"},\"sameAs\":[\"https:\\\/\\\/www.facebook.com\\\/momentum.quiro\",\"https:\\\/\\\/www.instagram.com\\\/momentum.quiro\\\/\",\"https:\\\/\\\/www.linkedin.com\\\/company\\\/momentum-quiropr\u00e0ctic\\\/\",\"https:\\\/\\\/www.youtube.com\\\/channel\\\/UCzyd8XILzGyjQ6vjHZruiaQ\"]}]}<\/script>\n<!-- \/ Yoast SEO plugin. -->","yoast_head_json":{"title":"A propos de nous - Momentum Quiropr\u00e0ctic","description":"D\u00e9couvrez notre approche holistique de la chiropraxie pour votre bien-\u00eatre au centre Momentum Quiropr\u00e0ctic de Barcelone.","robots":{"index":"index","follow":"follow","max-snippet":"max-snippet:-1","max-image-preview":"max-image-preview:large","max-video-preview":"max-video-preview:-1"},"canonical":"https:\/\/momentumquiro.com\/fr\/a-propos-de-nous\/","og_locale":"fr_FR","og_type":"article","og_title":"A propos de nous | Momentum Quiropr\u00e0ctic","og_description":"D\u00e9couvrez notre mission en mati\u00e8re de chiropraxie au centre Momentum Quiropr\u00e0ctic de Barcelone.","og_url":"https:\/\/momentumquiro.com\/fr\/a-propos-de-nous\/","og_site_name":"Momentum Quiropr\u00e0ctic","article_publisher":"https:\/\/www.facebook.com\/momentum.quiro","article_modified_time":"2026-01-09T15:03:43+00:00","og_image":[{"url":"https:\/\/momentumquiro.com\/wp-content\/uploads\/2024\/10\/Mision-Momentum-Quiropractic-Centro-Barcelona-1030x579.png","type":"","width":"","height":""}],"twitter_card":"summary_large_image","twitter_misc":{"Dur\u00e9e de lecture estim\u00e9e":"5 minutes"},"schema":{"@context":"https:\/\/schema.org","@graph":[{"@type":"WebPage","@id":"https:\/\/momentumquiro.com\/fr\/a-propos-de-nous\/","url":"https:\/\/momentumquiro.com\/fr\/a-propos-de-nous\/","name":"A propos de nous - Momentum Quiropr\u00e0ctic","isPartOf":{"@id":"https:\/\/momentumquiro.com\/fr\/#website"},"datePublished":"2024-11-15T09:42:45+00:00","dateModified":"2026-01-09T15:03:43+00:00","description":"D\u00e9couvrez notre approche holistique de la chiropraxie pour votre bien-\u00eatre au centre Momentum Quiropr\u00e0ctic de Barcelone.","breadcrumb":{"@id":"https:\/\/momentumquiro.com\/fr\/a-propos-de-nous\/#breadcrumb"},"inLanguage":"fr-FR","potentialAction":[{"@type":"ReadAction","target":["https:\/\/momentumquiro.com\/fr\/a-propos-de-nous\/"]}]},{"@type":"BreadcrumbList","@id":"https:\/\/momentumquiro.com\/fr\/a-propos-de-nous\/#breadcrumb","itemListElement":[{"@type":"ListItem","position":1,"name":"Home","item":"https:\/\/momentumquiro.com\/fr\/"},{"@type":"ListItem","position":2,"name":"A propos de nous"}]},{"@type":"WebSite","@id":"https:\/\/momentumquiro.com\/fr\/#website","url":"https:\/\/momentumquiro.com\/fr\/","name":"Momentum Quiropr\u00e0ctic","description":"Centro premium quiropr\u00e1ctico Barcelona","publisher":{"@id":"https:\/\/momentumquiro.com\/fr\/#organization"},"alternateName":"Momentum Quiropractic","potentialAction":[{"@type":"SearchAction","target":{"@type":"EntryPoint","urlTemplate":"https:\/\/momentumquiro.com\/fr\/?s={search_term_string}"},"query-input":{"@type":"PropertyValueSpecification","valueRequired":true,"valueName":"search_term_string"}}],"inLanguage":"fr-FR"},{"@type":"Organization","@id":"https:\/\/momentumquiro.com\/fr\/#organization","name":"Momentum Quiropr\u00e0ctic Barcelona","url":"https:\/\/momentumquiro.com\/fr\/","logo":{"@type":"ImageObject","inLanguage":"fr-FR","@id":"https:\/\/momentumquiro.com\/fr\/#\/schema\/logo\/image\/","url":"https:\/\/momentumquiro.com\/wp-content\/uploads\/2024\/10\/Logo-Momentum-Black.svg","contentUrl":"https:\/\/momentumquiro.com\/wp-content\/uploads\/2024\/10\/Logo-Momentum-Black.svg","width":300,"height":100,"caption":"Momentum Quiropr\u00e0ctic Barcelona"},"image":{"@id":"https:\/\/momentumquiro.com\/fr\/#\/schema\/logo\/image\/"},"sameAs":["https:\/\/www.facebook.com\/momentum.quiro","https:\/\/www.instagram.com\/momentum.quiro\/","https:\/\/www.linkedin.com\/company\/momentum-quiropr\u00e0ctic\/","https:\/\/www.youtube.com\/channel\/UCzyd8XILzGyjQ6vjHZruiaQ"]}]}},"_links":{"self":[{"href":"https:\/\/momentumquiro.com\/fr\/wp-json\/wp\/v2\/pages\/14170","targetHints":{"allow":["GET"]}}],"collection":[{"href":"https:\/\/momentumquiro.com\/fr\/wp-json\/wp\/v2\/pages"}],"about":[{"href":"https:\/\/momentumquiro.com\/fr\/wp-json\/wp\/v2\/types\/page"}],"author":[{"embeddable":true,"href":"https:\/\/momentumquiro.com\/fr\/wp-json\/wp\/v2\/users\/1"}],"replies":[{"embeddable":true,"href":"https:\/\/momentumquiro.com\/fr\/wp-json\/wp\/v2\/comments?post=14170"}],"version-history":[{"count":42,"href":"https:\/\/momentumquiro.com\/fr\/wp-json\/wp\/v2\/pages\/14170\/revisions"}],"predecessor-version":[{"id":23139,"href":"https:\/\/momentumquiro.com\/fr\/wp-json\/wp\/v2\/pages\/14170\/revisions\/23139"}],"wp:attachment":[{"href":"https:\/\/momentumquiro.com\/fr\/wp-json\/wp\/v2\/media?parent=14170"}],"curies":[{"name":"wp","href":"https:\/\/api.w.org\/{rel}","templated":true}]}}