{"id":14777,"date":"2024-11-15T17:01:49","date_gmt":"2024-11-15T17:01:49","guid":{"rendered":"https:\/\/momentumquiro.com\/reservez-votre-visite\/"},"modified":"2025-09-03T11:54:08","modified_gmt":"2025-09-03T11:54:08","slug":"reservez-votre-visite","status":"publish","type":"page","link":"https:\/\/momentumquiro.com\/fr\/reservez-votre-visite\/","title":{"rendered":"R\u00e9servez votre visite"},"content":{"rendered":"\t\t<div data-elementor-type=\"wp-page\" data-elementor-id=\"14777\" class=\"elementor elementor-14777 elementor-3275\" data-elementor-post-type=\"page\">\n\t\t\t\t<div class=\"elementor-element elementor-element-6bcaf60c e-con-full e-flex e-con e-parent\" data-id=\"6bcaf60c\" data-element_type=\"container\" data-e-type=\"container\" data-settings=\"{&quot;background_background&quot;:&quot;classic&quot;}\">\n\t\t\t\t<div class=\"elementor-element elementor-element-36bad9c5 elementor-widget elementor-widget-heading\" data-id=\"36bad9c5\" data-element_type=\"widget\" data-e-type=\"widget\" data-widget_type=\"heading.default\">\n\t\t\t\t<div class=\"elementor-widget-container\">\n\t\t\t\t\t<h1 class=\"elementor-heading-title elementor-size-default\">R\u00c9SERVEZ VOTRE VISITE AU MOMENTUM QUIROPR\u00c0CTIC<\/h1>\t\t\t\t<\/div>\n\t\t\t\t<\/div>\n\t\t\t\t<div class=\"elementor-element elementor-element-6de82e7 elementor-widget__width-initial elementor-widget elementor-widget-html\" data-id=\"6de82e7\" data-element_type=\"widget\" data-e-type=\"widget\" data-widget_type=\"html.default\">\n\t\t\t\t<div class=\"elementor-widget-container\">\n\t\t\t\t\t<!-- Booking Widget -->\n<div id=\"ph_online_bookings_widget\"><\/div>\n\n<!-- Configuration Script -->\n<script>\n  window.BookingTrackerConfig = {\n    domain: \"phmomentum19.neptune.practicehub.io\"\n  };\n\n  const phob_embed_version = Math.floor(Date.now()\/3600000);\n  const phob_embed_script = document.createElement('script');\n  phob_embed_script.id = 'ph-embed';\n  phob_embed_script.setAttribute('data-ph-embed', '');\n  phob_embed_script.type = 'text\/javascript';\n  phob_embed_script.src = \"https:\/\/phmomentum19.neptune.practicehub.io\/assets\/js\/booking-form-embed.js?v=\" + phob_embed_version;\n  document.currentScript.parentNode.insertBefore(phob_embed_script, document.currentScript.nextSibling);\n<\/script>\n\t\t\t\t<\/div>\n\t\t\t\t<\/div>\n\t\t\t\t<\/div>\n\t\t<div class=\"elementor-element elementor-element-8b78b45 e-con-full e-flex e-con e-parent\" data-id=\"8b78b45\" data-element_type=\"container\" data-e-type=\"container\" data-settings=\"{&quot;background_background&quot;:&quot;classic&quot;}\">\n\t\t<div class=\"elementor-element elementor-element-dc2431b e-con-full e-flex e-con e-child\" data-id=\"dc2431b\" data-element_type=\"container\" data-e-type=\"container\">\n\t\t\t\t<div class=\"elementor-element elementor-element-29096f9 elementor-widget elementor-widget-heading\" data-id=\"29096f9\" data-element_type=\"widget\" data-e-type=\"widget\" data-widget_type=\"heading.default\">\n\t\t\t\t<div class=\"elementor-widget-container\">\n\t\t\t\t\t<h2 class=\"elementor-heading-title elementor-size-default\">Comment faire une r\u00e9servation ?<\/h2>\t\t\t\t<\/div>\n\t\t\t\t<\/div>\n\t\t\t\t<\/div>\n\t\t<div class=\"elementor-element elementor-element-e27ef1a e-con-full e-flex e-con e-child\" data-id=\"e27ef1a\" data-element_type=\"container\" data-e-type=\"container\">\n\t\t\t\t<div class=\"elementor-element elementor-element-9a1320c elementor-widget elementor-widget-text-editor\" data-id=\"9a1320c\" data-element_type=\"widget\" data-e-type=\"widget\" data-widget_type=\"text-editor.default\">\n\t\t\t\t<div class=\"elementor-widget-container\">\n\t\t\t\t\t\t\t\t\t<ol><li>S\u00e9lectionnez un rendez-vous (premi\u00e8re visite ou ajustement chiropratique)<\/li><li>Choisissez un chiropracteur parmi notre \u00e9quipe. Vous pouvez mieux nous conna\u00eetre <a href=\"https:\/\/momentumquiro.com\/fr\/lequipe\/\" target=\"_blank\" rel=\"noopener\">ici.<\/a><\/li><li>Choisissez la date qui vous convient le mieux<\/li><li>Remplissez les champs avec vos coordonn\u00e9es<\/li><li>Fait\u2026 nous t\u2019attendons chez Momentum pour que tu commences ton voyage de bien-\u00eatre !<\/li><\/ol><div>\u00a0<\/div><div><em>\u00a0* Si vous avez souscrit \u00e0 la police<a href=\"https:\/\/www.axa.es\/seguros-de-salud\" target=\"_blank\" rel=\"noopener\">Optimal Plus d&rsquo;Axa<\/a>, votre assurance vous remboursera jusqu&rsquo;\u00e0 90 % du co\u00fbt de vos soins chiropratiques.<\/em><\/div>\t\t\t\t\t\t\t\t<\/div>\n\t\t\t\t<\/div>\n\t\t\t\t<\/div>\n\t\t\t\t<\/div>\n\t\t<div class=\"elementor-element elementor-element-709e57ac e-flex e-con-boxed e-con e-parent\" data-id=\"709e57ac\" data-element_type=\"container\" data-e-type=\"container\" data-settings=\"{&quot;background_background&quot;:&quot;classic&quot;}\">\n\t\t\t\t\t<div class=\"e-con-inner\">\n\t\t\t\t<div class=\"elementor-element elementor-element-3db44dd6 elementor-widget__width-initial elementor-headline--style-highlight elementor-widget elementor-widget-animated-headline\" data-id=\"3db44dd6\" data-element_type=\"widget\" data-e-type=\"widget\" data-settings=\"{&quot;marker&quot;:&quot;underline&quot;,&quot;highlighted_text&quot;:&quot;5 \\u00c9TOILES&quot;,&quot;headline_style&quot;:&quot;highlight&quot;,&quot;loop&quot;:&quot;yes&quot;,&quot;highlight_animation_duration&quot;:1200,&quot;highlight_iteration_delay&quot;:8000}\" data-widget_type=\"animated-headline.default\">\n\t\t\t\t<div class=\"elementor-widget-container\">\n\t\t\t\t\t\t\t<h5 class=\"elementor-headline\">\n\t\t\t\t\t<span class=\"elementor-headline-plain-text elementor-headline-text-wrapper\">NOUS NOUS APPUYONS SUR NOTRE EXP\u00c9RIENCE<\/span>\n\t\t\t\t<span class=\"elementor-headline-dynamic-wrapper elementor-headline-text-wrapper\">\n\t\t\t\t\t<span class=\"elementor-headline-dynamic-text elementor-headline-text-active\">5 \u00c9TOILES<\/span>\n\t\t\t\t<\/span>\n\t\t\t\t\t<span class=\"elementor-headline-plain-text elementor-headline-text-wrapper\">DANS LEURS SOINS DE SANT\u00c9<\/span>\n\t\t\t\t\t<\/h5>\n\t\t\t\t\t\t<\/div>\n\t\t\t\t<\/div>\n\t\t\t\t<div class=\"elementor-element elementor-element-41ac83b2 elementor-widget elementor-widget-shortcode\" data-id=\"41ac83b2\" data-element_type=\"widget\" data-e-type=\"widget\" data-widget_type=\"shortcode.default\">\n\t\t\t\t<div class=\"elementor-widget-container\">\n\t\t\t\t\t\t\t<div class=\"elementor-shortcode\"><div data-src=\"https:\/\/cdn.trustindex.io\/loader.js?2fd135d3549152410086fee0362\"><\/div><\/div>\n\t\t\t\t\t\t<\/div>\n\t\t\t\t<\/div>\n\t\t\t\t\t<\/div>\n\t\t\t\t<\/div>\n\t\t\t\t<\/div>\n\t\t","protected":false},"excerpt":{"rendered":"<p>R\u00e9servez votre visite au centre chiropratique Momentum Quiropr\u00e0ctic \u00e0 Barcelone.<\/p>\n","protected":false},"author":3,"featured_media":14778,"parent":0,"menu_order":0,"comment_status":"open","ping_status":"open","template":"elementor_header_footer","meta":{"_seopress_robots_primary_cat":"","_seopress_titles_title":"R\u00e9servez votre visite - Momentum Quiropr\u00e0ctic Barcelona","_seopress_titles_desc":"R\u00e9servez votre rendez-vous chiropratique au centre chiropratique. Momentum Quiropr\u00e0ctic, situ\u00e9 dans le centre de Barcelone. ","_seopress_robots_index":"","om_disable_all_campaigns":false,"_monsterinsights_skip_tracking":false,"_monsterinsights_sitenote_active":false,"_monsterinsights_sitenote_note":"","_monsterinsights_sitenote_category":0,"_uf_show_specific_survey":0,"_uf_disable_surveys":false,"footnotes":""},"class_list":["post-14777","page","type-page","status-publish","has-post-thumbnail","hentry"],"_links":{"self":[{"href":"https:\/\/momentumquiro.com\/fr\/wp-json\/wp\/v2\/pages\/14777","targetHints":{"allow":["GET"]}}],"collection":[{"href":"https:\/\/momentumquiro.com\/fr\/wp-json\/wp\/v2\/pages"}],"about":[{"href":"https:\/\/momentumquiro.com\/fr\/wp-json\/wp\/v2\/types\/page"}],"author":[{"embeddable":true,"href":"https:\/\/momentumquiro.com\/fr\/wp-json\/wp\/v2\/users\/3"}],"replies":[{"embeddable":true,"href":"https:\/\/momentumquiro.com\/fr\/wp-json\/wp\/v2\/comments?post=14777"}],"version-history":[{"count":43,"href":"https:\/\/momentumquiro.com\/fr\/wp-json\/wp\/v2\/pages\/14777\/revisions"}],"predecessor-version":[{"id":22807,"href":"https:\/\/momentumquiro.com\/fr\/wp-json\/wp\/v2\/pages\/14777\/revisions\/22807"}],"wp:featuredmedia":[{"embeddable":true,"href":"https:\/\/momentumquiro.com\/fr\/wp-json\/wp\/v2\/media\/14778"}],"wp:attachment":[{"href":"https:\/\/momentumquiro.com\/fr\/wp-json\/wp\/v2\/media?parent=14777"}],"curies":[{"name":"wp","href":"https:\/\/api.w.org\/{rel}","templated":true}]}}