{"id":19907,"date":"2025-02-18T16:56:13","date_gmt":"2025-02-18T16:56:13","guid":{"rendered":"https:\/\/momentumquiro.com\/merci-de-nous-contacter\/"},"modified":"2025-02-18T16:56:15","modified_gmt":"2025-02-18T16:56:15","slug":"merci-de-nous-contacter","status":"publish","type":"page","link":"https:\/\/momentumquiro.com\/fr\/merci-de-nous-contacter\/","title":{"rendered":"merci de nous contacter"},"content":{"rendered":"\t\t<div data-elementor-type=\"wp-page\" data-elementor-id=\"19907\" class=\"elementor elementor-19907 elementor-18268\" data-elementor-post-type=\"page\">\n\t\t\t\t<div class=\"elementor-element elementor-element-71c3a59 e-flex e-con-boxed e-con e-parent\" data-id=\"71c3a59\" data-element_type=\"container\" data-e-type=\"container\">\n\t\t\t\t\t<div class=\"e-con-inner\">\n\t\t<div class=\"elementor-element elementor-element-10552ff e-con-full e-flex e-con e-child\" data-id=\"10552ff\" data-element_type=\"container\" data-e-type=\"container\">\n\t\t\t\t<div class=\"elementor-element elementor-element-def31f7 elementor-widget elementor-widget-image\" data-id=\"def31f7\" data-element_type=\"widget\" data-e-type=\"widget\" data-widget_type=\"image.default\">\n\t\t\t\t<div class=\"elementor-widget-container\">\n\t\t\t\t\t\t\t\t\t\t\t\t\t\t\t<img alt=\"\" fetchpriority=\"high\" decoding=\"async\" width=\"800\" height=\"800\" src=\"https:\/\/momentumquiro.com\/wp-content\/uploads\/2024\/09\/Logo-Momentum-Quiropractic-White-1030x1030.png\" class=\"attachment-large size-large wp-image-9888\" alt=\"\" srcset=\"https:\/\/momentumquiro.com\/wp-content\/uploads\/2024\/09\/Logo-Momentum-Quiropractic-White-1030x1030.png 1030w, https:\/\/momentumquiro.com\/wp-content\/uploads\/2024\/09\/Logo-Momentum-Quiropractic-White-300x300.png 300w, https:\/\/momentumquiro.com\/wp-content\/uploads\/2024\/09\/Logo-Momentum-Quiropractic-White-80x80.png 80w, https:\/\/momentumquiro.com\/wp-content\/uploads\/2024\/09\/Logo-Momentum-Quiropractic-White-768x768.png 768w, https:\/\/momentumquiro.com\/wp-content\/uploads\/2024\/09\/Logo-Momentum-Quiropractic-White-1536x1536.png 1536w, https:\/\/momentumquiro.com\/wp-content\/uploads\/2024\/09\/Logo-Momentum-Quiropractic-White.png 2000w\" sizes=\"(max-width: 800px) 100vw, 800px\" \/>\t\t\t\t\t\t\t\t\t\t\t\t\t\t\t<\/div>\n\t\t\t\t<\/div>\n\t\t\t\t<\/div>\n\t\t<div class=\"elementor-element elementor-element-9a82d6a e-con-full e-flex e-con e-child\" data-id=\"9a82d6a\" data-element_type=\"container\" data-e-type=\"container\">\n\t\t\t\t<div class=\"elementor-element elementor-element-9b6e67b elementor-widget elementor-widget-text-editor\" data-id=\"9b6e67b\" data-element_type=\"widget\" data-e-type=\"widget\" data-widget_type=\"text-editor.default\">\n\t\t\t\t<div class=\"elementor-widget-container\">\n\t\t\t\t\t\t\t\t\t<div class=\"elementor-element elementor-element-407f29e elementor-widget elementor-widget-text-editor\" data-id=\"407f29e\" data-element_type=\"widget\" data-widget_type=\"text-editor.default\">\n<div class=\"elementor-widget-container\">\n<div class=\"elementor-element elementor-element-407f29e elementor-widget elementor-widget-text-editor\" data-id=\"407f29e\" data-element_type=\"widget\" data-widget_type=\"text-editor.default\">\n<div class=\"elementor-widget-container\">\n<p>Merci de nous contacter via notre formulaire de contact !  <\/p>\n<\/div>\n<\/div>\n<div class=\"elementor-element elementor-element-ff8be61 elementor-widget elementor-widget-text-editor\" data-id=\"ff8be61\" data-element_type=\"widget\" data-widget_type=\"text-editor.default\">\n<div class=\"elementor-widget-container\">\n<div class=\"wpb_text_column wpb_content_element \">\n<div class=\"wpb_wrapper\">\n<p>Nous sommes ravis de recevoir votre message et nous nous effor\u00e7ons de vous fournir les informations dont vous avez besoin. Nous vous r\u00e9pondrons dans les plus brefs d\u00e9lais. <\/p>\n<p>Si vous ne recevez pas d&rsquo;e-mail ou d&rsquo;appel de notre part dans les plus brefs d\u00e9lais, veuillez v\u00e9rifier votre dossier <strong>SPAM<\/strong> ou, si vous utilisez <strong>GMAIL, le <\/strong>dossier <strong>PROMOTIONS<\/strong>.  <\/p>\n<\/div>\n<\/div>\n<\/div>\n<\/div>\n<p>Je vous prie d&rsquo;agr\u00e9er, Madame, Monsieur, l&rsquo;expression de mes salutations distingu\u00e9es,<\/p>\n<p><em>L&rsquo;\u00e9quipe Momentum Quiropr\u00e0ctic<\/em><\/p>\n<\/div>\n<\/div>\n\t\t\t\t\t\t\t\t<\/div>\n\t\t\t\t<\/div>\n\t\t\t\t<\/div>\n\t\t\t\t\t<\/div>\n\t\t\t\t<\/div>\n\t\t\t\t<\/div>\n\t\t","protected":false},"excerpt":{"rendered":"<p>Merci de nous contacter via notre formulaire de contact ! Nous sommes ravis de recevoir votre message et nous nous effor\u00e7ons de vous fournir les informations dont vous avez besoin. Nous vous r\u00e9pondrons dans les plus brefs d\u00e9lais. Si vous ne recevez pas d&rsquo;e-mail ou d&rsquo;appel de notre part dans les plus brefs d\u00e9lais, veuillez [&hellip;]<\/p>\n","protected":false},"author":3,"featured_media":0,"parent":0,"menu_order":0,"comment_status":"closed","ping_status":"closed","template":"elementor_canvas","meta":{"_seopress_robots_primary_cat":"","_seopress_titles_title":"","_seopress_titles_desc":"","_seopress_robots_index":"oui","om_disable_all_campaigns":false,"_monsterinsights_skip_tracking":false,"_monsterinsights_sitenote_active":false,"_monsterinsights_sitenote_note":"","_monsterinsights_sitenote_category":0,"_uf_show_specific_survey":0,"_uf_disable_surveys":false,"footnotes":""},"class_list":["post-19907","page","type-page","status-publish","hentry"],"_links":{"self":[{"href":"https:\/\/momentumquiro.com\/fr\/wp-json\/wp\/v2\/pages\/19907","targetHints":{"allow":["GET"]}}],"collection":[{"href":"https:\/\/momentumquiro.com\/fr\/wp-json\/wp\/v2\/pages"}],"about":[{"href":"https:\/\/momentumquiro.com\/fr\/wp-json\/wp\/v2\/types\/page"}],"author":[{"embeddable":true,"href":"https:\/\/momentumquiro.com\/fr\/wp-json\/wp\/v2\/users\/3"}],"replies":[{"embeddable":true,"href":"https:\/\/momentumquiro.com\/fr\/wp-json\/wp\/v2\/comments?post=19907"}],"version-history":[{"count":1,"href":"https:\/\/momentumquiro.com\/fr\/wp-json\/wp\/v2\/pages\/19907\/revisions"}],"predecessor-version":[{"id":19908,"href":"https:\/\/momentumquiro.com\/fr\/wp-json\/wp\/v2\/pages\/19907\/revisions\/19908"}],"wp:attachment":[{"href":"https:\/\/momentumquiro.com\/fr\/wp-json\/wp\/v2\/media?parent=19907"}],"curies":[{"name":"wp","href":"https:\/\/api.w.org\/{rel}","templated":true}]}}